{"id":764,"date":"2022-07-19T06:56:04","date_gmt":"2022-07-19T11:56:04","guid":{"rendered":"https:\/\/urgentgames.com\/?page_id=764"},"modified":"2022-12-12T23:34:47","modified_gmt":"2022-12-13T04:34:47","slug":"tiep-xuc","status":"publish","type":"page","link":"https:\/\/urgentgames.com\/vi\/tiep-xuc\/","title":{"rendered":"Ti\u1ebfp x\u00fac"},"content":{"rendered":"","protected":false},"excerpt":{"rendered":"","protected":false},"author":1,"featured_media":0,"parent":0,"menu_order":0,"comment_status":"closed","ping_status":"closed","template":"template-contact.php","meta":{"_acf_changed":false,"inline_featured_image":false,"footnotes":""},"class_list":["post-764","page","type-page","status-publish","hentry"],"acf":[],"yoast_head":"<!-- This site is optimized with the Yoast SEO plugin v27.4 - https:\/\/yoast.com\/product\/yoast-seo-wordpress\/ -->\n<title>Contact - Urgent Games<\/title>\n<meta name=\"description\" content=\"The Urgent Games contact page is your destination for reaching out to our team with any questions or concerns. Whether you&#039;re a potential partner looking for more information about our program, or a member of the press seeking an interview, we&#039;re here to help. Contact us today and we&#039;ll get back to you as soon as possible.\" \/>\n<meta name=\"robots\" content=\"index, follow, max-snippet:-1, max-image-preview:large, max-video-preview:-1\" \/>\n<link rel=\"canonical\" href=\"https:\/\/urgentgames.com\/vi\/tiep-xuc\/\" \/>\n<meta property=\"og:locale\" content=\"vi_VN\" \/>\n<meta property=\"og:type\" content=\"article\" \/>\n<meta property=\"og:title\" content=\"Contact - Urgent Games\" \/>\n<meta property=\"og:description\" content=\"The Urgent Games contact page is your destination for reaching out to our team with any questions or concerns. Whether you&#039;re a potential partner looking for more information about our program, or a member of the press seeking an interview, we&#039;re here to help. Contact us today and we&#039;ll get back to you as soon as possible.\" \/>\n<meta property=\"og:url\" content=\"https:\/\/urgentgames.com\/vi\/tiep-xuc\/\" \/>\n<meta property=\"og:site_name\" content=\"Urgent Games\" \/>\n<meta property=\"article:publisher\" content=\"https:\/\/www.facebook.com\/UrgentGame\/\" \/>\n<meta property=\"article:modified_time\" content=\"2022-12-13T04:34:47+00:00\" \/>\n<meta property=\"og:image\" content=\"https:\/\/urgentgames.com\/wp-content\/uploads\/2021\/06\/logo.png\" \/>\n\t<meta property=\"og:image:width\" content=\"438\" \/>\n\t<meta property=\"og:image:height\" content=\"277\" \/>\n\t<meta property=\"og:image:type\" content=\"image\/png\" \/>\n<meta name=\"twitter:card\" content=\"summary_large_image\" \/>\n<meta name=\"twitter:site\" content=\"@UrgentGames\" \/>\n<script type=\"application\/ld+json\" class=\"yoast-schema-graph\">{\"@context\":\"https:\\\/\\\/schema.org\",\"@graph\":[{\"@type\":\"WebPage\",\"@id\":\"https:\\\/\\\/urgentgames.com\\\/contact\\\/\",\"url\":\"https:\\\/\\\/urgentgames.com\\\/contact\\\/\",\"name\":\"Contact - Urgent Games\",\"isPartOf\":{\"@id\":\"https:\\\/\\\/urgentgames.com\\\/ru\\\/#website\"},\"datePublished\":\"2022-07-19T11:56:04+00:00\",\"dateModified\":\"2022-12-13T04:34:47+00:00\",\"description\":\"The Urgent Games contact page is your destination for reaching out to our team with any questions or concerns. Whether you're a potential partner looking for more information about our program, or a member of the press seeking an interview, we're here to help. Contact us today and we'll get back to you as soon as possible.\",\"breadcrumb\":{\"@id\":\"https:\\\/\\\/urgentgames.com\\\/contact\\\/#breadcrumb\"},\"inLanguage\":\"vi\",\"potentialAction\":[{\"@type\":\"ReadAction\",\"target\":[\"https:\\\/\\\/urgentgames.com\\\/contact\\\/\"]}]},{\"@type\":\"BreadcrumbList\",\"@id\":\"https:\\\/\\\/urgentgames.com\\\/contact\\\/#breadcrumb\",\"itemListElement\":[{\"@type\":\"ListItem\",\"position\":1,\"name\":\"Home\",\"item\":\"https:\\\/\\\/urgentgames.com\\\/\"},{\"@type\":\"ListItem\",\"position\":2,\"name\":\"Contact\"}]},{\"@type\":\"WebSite\",\"@id\":\"https:\\\/\\\/urgentgames.com\\\/ru\\\/#website\",\"url\":\"https:\\\/\\\/urgentgames.com\\\/ru\\\/\",\"name\":\"Urgent Games\",\"description\":\"The industry leader in HTML5 Slot &amp; Casino games. API Slot Provider. White Label Casino Provider, Casino Game Provider\",\"publisher\":{\"@id\":\"https:\\\/\\\/urgentgames.com\\\/ru\\\/#organization\"},\"potentialAction\":[{\"@type\":\"SearchAction\",\"target\":{\"@type\":\"EntryPoint\",\"urlTemplate\":\"https:\\\/\\\/urgentgames.com\\\/ru\\\/?s={search_term_string}\"},\"query-input\":{\"@type\":\"PropertyValueSpecification\",\"valueRequired\":true,\"valueName\":\"search_term_string\"}}],\"inLanguage\":\"vi\"},{\"@type\":\"Organization\",\"@id\":\"https:\\\/\\\/urgentgames.com\\\/ru\\\/#organization\",\"name\":\"Urgent Games\",\"url\":\"https:\\\/\\\/urgentgames.com\\\/ru\\\/\",\"logo\":{\"@type\":\"ImageObject\",\"inLanguage\":\"vi\",\"@id\":\"https:\\\/\\\/urgentgames.com\\\/ru\\\/#\\\/schema\\\/logo\\\/image\\\/\",\"url\":\"https:\\\/\\\/urgentgames.com\\\/wp-content\\\/uploads\\\/2021\\\/06\\\/logo.png\",\"contentUrl\":\"https:\\\/\\\/urgentgames.com\\\/wp-content\\\/uploads\\\/2021\\\/06\\\/logo.png\",\"width\":438,\"height\":277,\"caption\":\"Urgent Games\"},\"image\":{\"@id\":\"https:\\\/\\\/urgentgames.com\\\/ru\\\/#\\\/schema\\\/logo\\\/image\\\/\"},\"sameAs\":[\"https:\\\/\\\/www.facebook.com\\\/UrgentGame\\\/\",\"https:\\\/\\\/x.com\\\/UrgentGames\",\"https:\\\/\\\/www.instagram.com\\\/urgentgames\\\/\",\"https:\\\/\\\/www.linkedin.com\\\/company\\\/urgentgames\\\/\",\"https:\\\/\\\/myspace.com\\\/urgent_games\",\"https:\\\/\\\/www.pinterest.com.mx\\\/UrgentGames\\\/\",\"https:\\\/\\\/www.youtube.com\\\/c\\\/UrgentGame\"]}]}<\/script>\n<!-- \/ Yoast SEO plugin. -->","yoast_head_json":{"title":"Li\u00ean h\u1ec7 - Urgent Games","description":"Trang li\u00ean h\u1ec7 Urgent Games l\u00e0 \u0111i\u1ec3m \u0111\u1ebfn \u0111\u1ec3 b\u1ea1n li\u00ean h\u1ec7 v\u1edbi nh\u00f3m c\u1ee7a ch\u00fang t\u00f4i khi c\u00f3 b\u1ea5t k\u1ef3 c\u00e2u h\u1ecfi ho\u1eb7c th\u1eafc m\u1eafc n\u00e0o. Cho d\u00f9 b\u1ea1n l\u00e0 m\u1ed9t \u0111\u1ed1i t\u00e1c ti\u1ec1m n\u0103ng \u0111ang t\u00ecm ki\u1ebfm th\u00eam th\u00f4ng tin v\u1ec1 ch\u01b0\u01a1ng tr\u00ecnh c\u1ee7a ch\u00fang t\u00f4i hay m\u1ed9t th\u00e0nh vi\u00ean b\u00e1o ch\u00ed \u0111ang t\u00ecm ki\u1ebfm m\u1ed9t cu\u1ed9c ph\u1ecfng v\u1ea5n, ch\u00fang t\u00f4i lu\u00f4n s\u1eb5n s\u00e0ng tr\u1ee3 gi\u00fap. Li\u00ean h\u1ec7 v\u1edbi ch\u00fang t\u00f4i ngay h\u00f4m nay v\u00e0 ch\u00fang t\u00f4i s\u1ebd li\u00ean h\u1ec7 l\u1ea1i v\u1edbi b\u1ea1n s\u1edbm nh\u1ea5t c\u00f3 th\u1ec3.","robots":{"index":"index","follow":"follow","max-snippet":"max-snippet:-1","max-image-preview":"max-image-preview:large","max-video-preview":"max-video-preview:-1"},"canonical":"https:\/\/urgentgames.com\/vi\/tiep-xuc\/","og_locale":"vi_VN","og_type":"article","og_title":"Contact - Urgent Games","og_description":"The Urgent Games contact page is your destination for reaching out to our team with any questions or concerns. Whether you're a potential partner looking for more information about our program, or a member of the press seeking an interview, we're here to help. Contact us today and we'll get back to you as soon as possible.","og_url":"https:\/\/urgentgames.com\/vi\/tiep-xuc\/","og_site_name":"Urgent Games","article_publisher":"https:\/\/www.facebook.com\/UrgentGame\/","article_modified_time":"2022-12-13T04:34:47+00:00","og_image":[{"width":438,"height":277,"url":"https:\/\/urgentgames.com\/wp-content\/uploads\/2021\/06\/logo.png","type":"image\/png"}],"twitter_card":"summary_large_image","twitter_site":"@UrgentGames","schema":{"@context":"https:\/\/schema.org","@graph":[{"@type":"WebPage","@id":"https:\/\/urgentgames.com\/contact\/","url":"https:\/\/urgentgames.com\/contact\/","name":"Li\u00ean h\u1ec7 - Urgent Games","isPartOf":{"@id":"https:\/\/urgentgames.com\/ru\/#website"},"datePublished":"2022-07-19T11:56:04+00:00","dateModified":"2022-12-13T04:34:47+00:00","description":"Trang li\u00ean h\u1ec7 Urgent Games l\u00e0 \u0111i\u1ec3m \u0111\u1ebfn \u0111\u1ec3 b\u1ea1n li\u00ean h\u1ec7 v\u1edbi nh\u00f3m c\u1ee7a ch\u00fang t\u00f4i khi c\u00f3 b\u1ea5t k\u1ef3 c\u00e2u h\u1ecfi ho\u1eb7c th\u1eafc m\u1eafc n\u00e0o. Cho d\u00f9 b\u1ea1n l\u00e0 m\u1ed9t \u0111\u1ed1i t\u00e1c ti\u1ec1m n\u0103ng \u0111ang t\u00ecm ki\u1ebfm th\u00eam th\u00f4ng tin v\u1ec1 ch\u01b0\u01a1ng tr\u00ecnh c\u1ee7a ch\u00fang t\u00f4i hay m\u1ed9t th\u00e0nh vi\u00ean b\u00e1o ch\u00ed \u0111ang t\u00ecm ki\u1ebfm m\u1ed9t cu\u1ed9c ph\u1ecfng v\u1ea5n, ch\u00fang t\u00f4i lu\u00f4n s\u1eb5n s\u00e0ng tr\u1ee3 gi\u00fap. Li\u00ean h\u1ec7 v\u1edbi ch\u00fang t\u00f4i ngay h\u00f4m nay v\u00e0 ch\u00fang t\u00f4i s\u1ebd li\u00ean h\u1ec7 l\u1ea1i v\u1edbi b\u1ea1n s\u1edbm nh\u1ea5t c\u00f3 th\u1ec3.","breadcrumb":{"@id":"https:\/\/urgentgames.com\/contact\/#breadcrumb"},"inLanguage":"vi","potentialAction":[{"@type":"ReadAction","target":["https:\/\/urgentgames.com\/contact\/"]}]},{"@type":"BreadcrumbList","@id":"https:\/\/urgentgames.com\/contact\/#breadcrumb","itemListElement":[{"@type":"ListItem","position":1,"name":"Home","item":"https:\/\/urgentgames.com\/"},{"@type":"ListItem","position":2,"name":"Contact"}]},{"@type":"WebSite","@id":"https:\/\/urgentgames.com\/ru\/#website","url":"https:\/\/urgentgames.com\/ru\/","name":"Urgent Games","description":"Ng\u01b0\u1eddi d\u1eabn \u0111\u1ea7u ng\u00e0nh v\u1ec1 tr\u00f2 ch\u01a1i Slot &amp; Casino HTML5. Nh\u00e0 cung c\u1ea5p khe c\u1eafm API. Nh\u00e0 cung c\u1ea5p s\u00f2ng b\u1ea1c White Label, Nh\u00e0 cung c\u1ea5p tr\u00f2 ch\u01a1i s\u00f2ng b\u1ea1c","publisher":{"@id":"https:\/\/urgentgames.com\/ru\/#organization"},"potentialAction":[{"@type":"SearchAction","target":{"@type":"EntryPoint","urlTemplate":"https:\/\/urgentgames.com\/ru\/?s={search_term_string}"},"query-input":{"@type":"PropertyValueSpecification","valueRequired":true,"valueName":"search_term_string"}}],"inLanguage":"vi"},{"@type":"Organization","@id":"https:\/\/urgentgames.com\/ru\/#organization","name":"Urgent Games","url":"https:\/\/urgentgames.com\/ru\/","logo":{"@type":"ImageObject","inLanguage":"vi","@id":"https:\/\/urgentgames.com\/ru\/#\/schema\/logo\/image\/","url":"https:\/\/urgentgames.com\/wp-content\/uploads\/2021\/06\/logo.png","contentUrl":"https:\/\/urgentgames.com\/wp-content\/uploads\/2021\/06\/logo.png","width":438,"height":277,"caption":"Urgent Games"},"image":{"@id":"https:\/\/urgentgames.com\/ru\/#\/schema\/logo\/image\/"},"sameAs":["https:\/\/www.facebook.com\/UrgentGame\/","https:\/\/x.com\/UrgentGames","https:\/\/www.instagram.com\/urgentgames\/","https:\/\/www.linkedin.com\/company\/urgentgames\/","https:\/\/myspace.com\/urgent_games","https:\/\/www.pinterest.com.mx\/UrgentGames\/","https:\/\/www.youtube.com\/c\/UrgentGame"]}]}},"_links":{"self":[{"href":"https:\/\/urgentgames.com\/vi\/wp-json\/wp\/v2\/pages\/764","targetHints":{"allow":["GET"]}}],"collection":[{"href":"https:\/\/urgentgames.com\/vi\/wp-json\/wp\/v2\/pages"}],"about":[{"href":"https:\/\/urgentgames.com\/vi\/wp-json\/wp\/v2\/types\/page"}],"author":[{"embeddable":true,"href":"https:\/\/urgentgames.com\/vi\/wp-json\/wp\/v2\/users\/1"}],"replies":[{"embeddable":true,"href":"https:\/\/urgentgames.com\/vi\/wp-json\/wp\/v2\/comments?post=764"}],"version-history":[{"count":1,"href":"https:\/\/urgentgames.com\/vi\/wp-json\/wp\/v2\/pages\/764\/revisions"}],"predecessor-version":[{"id":1059,"href":"https:\/\/urgentgames.com\/vi\/wp-json\/wp\/v2\/pages\/764\/revisions\/1059"}],"wp:attachment":[{"href":"https:\/\/urgentgames.com\/vi\/wp-json\/wp\/v2\/media?parent=764"}],"curies":[{"name":"wp","href":"https:\/\/api.w.org\/{rel}","templated":true}]}}