{"id":155,"date":"2021-06-25T07:08:59","date_gmt":"2021-06-25T07:08:59","guid":{"rendered":"https:\/\/urgentgames.com\/?page_id=155"},"modified":"2021-09-12T06:21:00","modified_gmt":"2021-09-12T11:21:00","slug":"cam-on","status":"publish","type":"page","link":"https:\/\/urgentgames.com\/vi\/cam-on\/","title":{"rendered":"C\u1ea3m \u01a1n"},"content":{"rendered":"<div class=\"thank-text\">\n<h6>Y\u00eau c\u1ea7u c\u1ee7a b\u1ea1n \u0111\u00e3 \u0111\u01b0\u1ee3c g\u1eedi th\u00e0nh c\u00f4ng.<\/h6>\n<\/div>","protected":false},"excerpt":{"rendered":"<p>Y\u00eau c\u1ea7u c\u1ee7a b\u1ea1n \u0111\u00e3 \u0111\u01b0\u1ee3c g\u1eedi th\u00e0nh c\u00f4ng.<\/p>","protected":false},"author":1,"featured_media":0,"parent":0,"menu_order":0,"comment_status":"closed","ping_status":"closed","template":"template-nosidebar.php","meta":{"_acf_changed":false,"inline_featured_image":false,"footnotes":""},"class_list":["post-155","page","type-page","status-publish","hentry"],"acf":[],"yoast_head":"<!-- This site is optimized with the Yoast SEO plugin v27.4 - https:\/\/yoast.com\/product\/yoast-seo-wordpress\/ -->\n<title>Thank You - Urgent Games<\/title>\n<meta name=\"description\" content=\"Thank you for your interest in Urgent Games - Online Casino API Provider - HTML 5 Casino and Slot Games\" \/>\n<meta name=\"robots\" content=\"index, follow, max-snippet:-1, max-image-preview:large, max-video-preview:-1\" \/>\n<link rel=\"canonical\" href=\"https:\/\/urgentgames.com\/vi\/cam-on\/\" \/>\n<meta property=\"og:locale\" content=\"vi_VN\" \/>\n<meta property=\"og:type\" content=\"article\" \/>\n<meta property=\"og:title\" content=\"Thank You - Urgent Games\" \/>\n<meta property=\"og:description\" content=\"Thank you for your interest in Urgent Games - Online Casino API Provider - HTML 5 Casino and Slot Games\" \/>\n<meta property=\"og:url\" content=\"https:\/\/urgentgames.com\/vi\/cam-on\/\" \/>\n<meta property=\"og:site_name\" content=\"Urgent Games\" \/>\n<meta property=\"article:publisher\" content=\"https:\/\/www.facebook.com\/UrgentGame\/\" \/>\n<meta property=\"article:modified_time\" content=\"2021-09-12T11:21:00+00:00\" \/>\n<meta property=\"og:image\" content=\"https:\/\/urgentgames.com\/wp-content\/uploads\/2021\/06\/logo.png\" \/>\n\t<meta property=\"og:image:width\" content=\"438\" \/>\n\t<meta property=\"og:image:height\" content=\"277\" \/>\n\t<meta property=\"og:image:type\" content=\"image\/png\" \/>\n<meta name=\"twitter:card\" content=\"summary_large_image\" \/>\n<meta name=\"twitter:site\" content=\"@UrgentGames\" \/>\n<script type=\"application\/ld+json\" class=\"yoast-schema-graph\">{\"@context\":\"https:\\\/\\\/schema.org\",\"@graph\":[{\"@type\":\"WebPage\",\"@id\":\"https:\\\/\\\/urgentgames.com\\\/ja\\\/%e3%81%82%e3%82%8a%e3%81%8c%e3%81%a8%e3%81%86%e3%81%94%e3%81%96%e3%81%84%e3%81%be%e3%81%99\\\/\",\"url\":\"https:\\\/\\\/urgentgames.com\\\/ja\\\/%e3%81%82%e3%82%8a%e3%81%8c%e3%81%a8%e3%81%86%e3%81%94%e3%81%96%e3%81%84%e3%81%be%e3%81%99\\\/\",\"name\":\"Thank You - Urgent Games\",\"isPartOf\":{\"@id\":\"https:\\\/\\\/urgentgames.com\\\/ru\\\/#website\"},\"datePublished\":\"2021-06-25T07:08:59+00:00\",\"dateModified\":\"2021-09-12T11:21:00+00:00\",\"description\":\"Thank you for your interest in Urgent Games - Online Casino API Provider - HTML 5 Casino and Slot Games\",\"breadcrumb\":{\"@id\":\"https:\\\/\\\/urgentgames.com\\\/ja\\\/%e3%81%82%e3%82%8a%e3%81%8c%e3%81%a8%e3%81%86%e3%81%94%e3%81%96%e3%81%84%e3%81%be%e3%81%99\\\/#breadcrumb\"},\"inLanguage\":\"vi\",\"potentialAction\":[{\"@type\":\"ReadAction\",\"target\":[\"https:\\\/\\\/urgentgames.com\\\/ja\\\/%e3%81%82%e3%82%8a%e3%81%8c%e3%81%a8%e3%81%86%e3%81%94%e3%81%96%e3%81%84%e3%81%be%e3%81%99\\\/\"]}]},{\"@type\":\"BreadcrumbList\",\"@id\":\"https:\\\/\\\/urgentgames.com\\\/ja\\\/%e3%81%82%e3%82%8a%e3%81%8c%e3%81%a8%e3%81%86%e3%81%94%e3%81%96%e3%81%84%e3%81%be%e3%81%99\\\/#breadcrumb\",\"itemListElement\":[{\"@type\":\"ListItem\",\"position\":1,\"name\":\"Home\",\"item\":\"https:\\\/\\\/urgentgames.com\\\/\"},{\"@type\":\"ListItem\",\"position\":2,\"name\":\"Thank You\"}]},{\"@type\":\"WebSite\",\"@id\":\"https:\\\/\\\/urgentgames.com\\\/ru\\\/#website\",\"url\":\"https:\\\/\\\/urgentgames.com\\\/ru\\\/\",\"name\":\"Urgent Games\",\"description\":\"The industry leader in HTML5 Slot &amp; Casino games. API Slot Provider. White Label Casino Provider, Casino Game Provider\",\"publisher\":{\"@id\":\"https:\\\/\\\/urgentgames.com\\\/ru\\\/#organization\"},\"potentialAction\":[{\"@type\":\"SearchAction\",\"target\":{\"@type\":\"EntryPoint\",\"urlTemplate\":\"https:\\\/\\\/urgentgames.com\\\/ru\\\/?s={search_term_string}\"},\"query-input\":{\"@type\":\"PropertyValueSpecification\",\"valueRequired\":true,\"valueName\":\"search_term_string\"}}],\"inLanguage\":\"vi\"},{\"@type\":\"Organization\",\"@id\":\"https:\\\/\\\/urgentgames.com\\\/ru\\\/#organization\",\"name\":\"Urgent Games\",\"url\":\"https:\\\/\\\/urgentgames.com\\\/ru\\\/\",\"logo\":{\"@type\":\"ImageObject\",\"inLanguage\":\"vi\",\"@id\":\"https:\\\/\\\/urgentgames.com\\\/ru\\\/#\\\/schema\\\/logo\\\/image\\\/\",\"url\":\"https:\\\/\\\/urgentgames.com\\\/wp-content\\\/uploads\\\/2021\\\/06\\\/logo.png\",\"contentUrl\":\"https:\\\/\\\/urgentgames.com\\\/wp-content\\\/uploads\\\/2021\\\/06\\\/logo.png\",\"width\":438,\"height\":277,\"caption\":\"Urgent Games\"},\"image\":{\"@id\":\"https:\\\/\\\/urgentgames.com\\\/ru\\\/#\\\/schema\\\/logo\\\/image\\\/\"},\"sameAs\":[\"https:\\\/\\\/www.facebook.com\\\/UrgentGame\\\/\",\"https:\\\/\\\/x.com\\\/UrgentGames\",\"https:\\\/\\\/www.instagram.com\\\/urgentgames\\\/\",\"https:\\\/\\\/www.linkedin.com\\\/company\\\/urgentgames\\\/\",\"https:\\\/\\\/myspace.com\\\/urgent_games\",\"https:\\\/\\\/www.pinterest.com.mx\\\/UrgentGames\\\/\",\"https:\\\/\\\/www.youtube.com\\\/c\\\/UrgentGame\"]}]}<\/script>\n<!-- \/ Yoast SEO plugin. -->","yoast_head_json":{"title":"C\u1ea3m \u01a1n b\u1ea1n - Urgent Games","description":"C\u1ea3m \u01a1n b\u1ea1n \u0111\u00e3 quan t\u00e2m \u0111\u1ebfn Urgent Games - Nh\u00e0 cung c\u1ea5p API s\u00f2ng b\u1ea1c tr\u1ef1c tuy\u1ebfn - S\u00f2ng b\u1ea1c HTML 5 v\u00e0 Tr\u00f2 ch\u01a1i x\u00e8ng","robots":{"index":"index","follow":"follow","max-snippet":"max-snippet:-1","max-image-preview":"max-image-preview:large","max-video-preview":"max-video-preview:-1"},"canonical":"https:\/\/urgentgames.com\/vi\/cam-on\/","og_locale":"vi_VN","og_type":"article","og_title":"Thank You - Urgent Games","og_description":"Thank you for your interest in Urgent Games - Online Casino API Provider - HTML 5 Casino and Slot Games","og_url":"https:\/\/urgentgames.com\/vi\/cam-on\/","og_site_name":"Urgent Games","article_publisher":"https:\/\/www.facebook.com\/UrgentGame\/","article_modified_time":"2021-09-12T11:21:00+00:00","og_image":[{"width":438,"height":277,"url":"https:\/\/urgentgames.com\/wp-content\/uploads\/2021\/06\/logo.png","type":"image\/png"}],"twitter_card":"summary_large_image","twitter_site":"@UrgentGames","schema":{"@context":"https:\/\/schema.org","@graph":[{"@type":"WebPage","@id":"https:\/\/urgentgames.com\/ja\/%e3%81%82%e3%82%8a%e3%81%8c%e3%81%a8%e3%81%86%e3%81%94%e3%81%96%e3%81%84%e3%81%be%e3%81%99\/","url":"https:\/\/urgentgames.com\/ja\/%e3%81%82%e3%82%8a%e3%81%8c%e3%81%a8%e3%81%86%e3%81%94%e3%81%96%e3%81%84%e3%81%be%e3%81%99\/","name":"C\u1ea3m \u01a1n b\u1ea1n - Urgent Games","isPartOf":{"@id":"https:\/\/urgentgames.com\/ru\/#website"},"datePublished":"2021-06-25T07:08:59+00:00","dateModified":"2021-09-12T11:21:00+00:00","description":"C\u1ea3m \u01a1n b\u1ea1n \u0111\u00e3 quan t\u00e2m \u0111\u1ebfn Urgent Games - Nh\u00e0 cung c\u1ea5p API s\u00f2ng b\u1ea1c tr\u1ef1c tuy\u1ebfn - S\u00f2ng b\u1ea1c HTML 5 v\u00e0 Tr\u00f2 ch\u01a1i x\u00e8ng","breadcrumb":{"@id":"https:\/\/urgentgames.com\/ja\/%e3%81%82%e3%82%8a%e3%81%8c%e3%81%a8%e3%81%86%e3%81%94%e3%81%96%e3%81%84%e3%81%be%e3%81%99\/#breadcrumb"},"inLanguage":"vi","potentialAction":[{"@type":"ReadAction","target":["https:\/\/urgentgames.com\/ja\/%e3%81%82%e3%82%8a%e3%81%8c%e3%81%a8%e3%81%86%e3%81%94%e3%81%96%e3%81%84%e3%81%be%e3%81%99\/"]}]},{"@type":"BreadcrumbList","@id":"https:\/\/urgentgames.com\/ja\/%e3%81%82%e3%82%8a%e3%81%8c%e3%81%a8%e3%81%86%e3%81%94%e3%81%96%e3%81%84%e3%81%be%e3%81%99\/#breadcrumb","itemListElement":[{"@type":"ListItem","position":1,"name":"Home","item":"https:\/\/urgentgames.com\/"},{"@type":"ListItem","position":2,"name":"Thank You"}]},{"@type":"WebSite","@id":"https:\/\/urgentgames.com\/ru\/#website","url":"https:\/\/urgentgames.com\/ru\/","name":"Urgent Games","description":"Ng\u01b0\u1eddi d\u1eabn \u0111\u1ea7u ng\u00e0nh v\u1ec1 tr\u00f2 ch\u01a1i Slot &amp; Casino HTML5. Nh\u00e0 cung c\u1ea5p khe c\u1eafm API. Nh\u00e0 cung c\u1ea5p s\u00f2ng b\u1ea1c White Label, Nh\u00e0 cung c\u1ea5p tr\u00f2 ch\u01a1i s\u00f2ng b\u1ea1c","publisher":{"@id":"https:\/\/urgentgames.com\/ru\/#organization"},"potentialAction":[{"@type":"SearchAction","target":{"@type":"EntryPoint","urlTemplate":"https:\/\/urgentgames.com\/ru\/?s={search_term_string}"},"query-input":{"@type":"PropertyValueSpecification","valueRequired":true,"valueName":"search_term_string"}}],"inLanguage":"vi"},{"@type":"Organization","@id":"https:\/\/urgentgames.com\/ru\/#organization","name":"Urgent Games","url":"https:\/\/urgentgames.com\/ru\/","logo":{"@type":"ImageObject","inLanguage":"vi","@id":"https:\/\/urgentgames.com\/ru\/#\/schema\/logo\/image\/","url":"https:\/\/urgentgames.com\/wp-content\/uploads\/2021\/06\/logo.png","contentUrl":"https:\/\/urgentgames.com\/wp-content\/uploads\/2021\/06\/logo.png","width":438,"height":277,"caption":"Urgent Games"},"image":{"@id":"https:\/\/urgentgames.com\/ru\/#\/schema\/logo\/image\/"},"sameAs":["https:\/\/www.facebook.com\/UrgentGame\/","https:\/\/x.com\/UrgentGames","https:\/\/www.instagram.com\/urgentgames\/","https:\/\/www.linkedin.com\/company\/urgentgames\/","https:\/\/myspace.com\/urgent_games","https:\/\/www.pinterest.com.mx\/UrgentGames\/","https:\/\/www.youtube.com\/c\/UrgentGame"]}]}},"_links":{"self":[{"href":"https:\/\/urgentgames.com\/vi\/wp-json\/wp\/v2\/pages\/155","targetHints":{"allow":["GET"]}}],"collection":[{"href":"https:\/\/urgentgames.com\/vi\/wp-json\/wp\/v2\/pages"}],"about":[{"href":"https:\/\/urgentgames.com\/vi\/wp-json\/wp\/v2\/types\/page"}],"author":[{"embeddable":true,"href":"https:\/\/urgentgames.com\/vi\/wp-json\/wp\/v2\/users\/1"}],"replies":[{"embeddable":true,"href":"https:\/\/urgentgames.com\/vi\/wp-json\/wp\/v2\/comments?post=155"}],"version-history":[{"count":0,"href":"https:\/\/urgentgames.com\/vi\/wp-json\/wp\/v2\/pages\/155\/revisions"}],"wp:attachment":[{"href":"https:\/\/urgentgames.com\/vi\/wp-json\/wp\/v2\/media?parent=155"}],"curies":[{"name":"wp","href":"https:\/\/api.w.org\/{rel}","templated":true}]}}