{"id":1239,"date":"2023-02-24T01:27:39","date_gmt":"2023-02-24T06:27:39","guid":{"rendered":"https:\/\/urgentgames.com\/?page_id=1239"},"modified":"2023-10-09T12:41:58","modified_gmt":"2023-10-09T17:41:58","slug":"tro-choi-co-thuong-hieu-2","status":"publish","type":"page","link":"https:\/\/urgentgames.com\/vi\/tro-choi-co-thuong-hieu-2\/","title":{"rendered":"Tr\u00f2 ch\u01a1i c\u00f3 th\u01b0\u01a1ng hi\u1ec7u"},"content":{"rendered":"","protected":false},"excerpt":{"rendered":"","protected":false},"author":1,"featured_media":0,"parent":0,"menu_order":0,"comment_status":"closed","ping_status":"closed","template":"template-branded-games-2.php","meta":{"_acf_changed":false,"inline_featured_image":false,"footnotes":""},"class_list":["post-1239","page","type-page","status-publish","hentry"],"acf":[],"yoast_head":"<!-- This site is optimized with the Yoast SEO plugin v27.4 - https:\/\/yoast.com\/product\/yoast-seo-wordpress\/ -->\n<title>Explore Engaging Branded Casino Games | Urgent Games<\/title>\n<meta name=\"description\" content=\"Discover a world of branded casino games that offer excitement and entertainment. Play top-quality titles at Urgent Games and experience the best in online gaming.\" \/>\n<meta name=\"robots\" content=\"index, follow, max-snippet:-1, max-image-preview:large, max-video-preview:-1\" \/>\n<link rel=\"canonical\" href=\"https:\/\/urgentgames.com\/vi\/tro-choi-co-thuong-hieu-2\/\" \/>\n<meta property=\"og:locale\" content=\"vi_VN\" \/>\n<meta property=\"og:type\" content=\"article\" \/>\n<meta property=\"og:title\" content=\"Explore Engaging Branded Casino Games | Urgent Games\" \/>\n<meta property=\"og:description\" content=\"Discover a world of branded casino games that offer excitement and entertainment. Play top-quality titles at Urgent Games and experience the best in online gaming.\" \/>\n<meta property=\"og:url\" content=\"https:\/\/urgentgames.com\/vi\/tro-choi-co-thuong-hieu-2\/\" \/>\n<meta property=\"og:site_name\" content=\"Urgent Games\" \/>\n<meta property=\"article:publisher\" content=\"https:\/\/www.facebook.com\/UrgentGame\/\" \/>\n<meta property=\"article:modified_time\" content=\"2023-10-09T17:41:58+00:00\" \/>\n<meta property=\"og:image\" content=\"https:\/\/urgentgames.com\/wp-content\/uploads\/2021\/06\/logo.png\" \/>\n\t<meta property=\"og:image:width\" content=\"438\" \/>\n\t<meta property=\"og:image:height\" content=\"277\" \/>\n\t<meta property=\"og:image:type\" content=\"image\/png\" \/>\n<meta name=\"twitter:card\" content=\"summary_large_image\" \/>\n<meta name=\"twitter:site\" content=\"@UrgentGames\" \/>\n<script type=\"application\/ld+json\" class=\"yoast-schema-graph\">{\"@context\":\"https:\\\/\\\/schema.org\",\"@graph\":[{\"@type\":\"WebPage\",\"@id\":\"https:\\\/\\\/urgentgames.com\\\/branded-games\\\/\",\"url\":\"https:\\\/\\\/urgentgames.com\\\/branded-games\\\/\",\"name\":\"Explore Engaging Branded Casino Games | Urgent Games\",\"isPartOf\":{\"@id\":\"https:\\\/\\\/urgentgames.com\\\/ru\\\/#website\"},\"datePublished\":\"2023-02-24T06:27:39+00:00\",\"dateModified\":\"2023-10-09T17:41:58+00:00\",\"description\":\"Discover a world of branded casino games that offer excitement and entertainment. Play top-quality titles at Urgent Games and experience the best in online gaming.\",\"breadcrumb\":{\"@id\":\"https:\\\/\\\/urgentgames.com\\\/branded-games\\\/#breadcrumb\"},\"inLanguage\":\"vi\",\"potentialAction\":[{\"@type\":\"ReadAction\",\"target\":[\"https:\\\/\\\/urgentgames.com\\\/branded-games\\\/\"]}]},{\"@type\":\"BreadcrumbList\",\"@id\":\"https:\\\/\\\/urgentgames.com\\\/branded-games\\\/#breadcrumb\",\"itemListElement\":[{\"@type\":\"ListItem\",\"position\":1,\"name\":\"Home\",\"item\":\"https:\\\/\\\/urgentgames.com\\\/\"},{\"@type\":\"ListItem\",\"position\":2,\"name\":\"Branded Games\"}]},{\"@type\":\"WebSite\",\"@id\":\"https:\\\/\\\/urgentgames.com\\\/ru\\\/#website\",\"url\":\"https:\\\/\\\/urgentgames.com\\\/ru\\\/\",\"name\":\"Urgent Games\",\"description\":\"The industry leader in HTML5 Slot &amp; Casino games. API Slot Provider. White Label Casino Provider, Casino Game Provider\",\"publisher\":{\"@id\":\"https:\\\/\\\/urgentgames.com\\\/ru\\\/#organization\"},\"potentialAction\":[{\"@type\":\"SearchAction\",\"target\":{\"@type\":\"EntryPoint\",\"urlTemplate\":\"https:\\\/\\\/urgentgames.com\\\/ru\\\/?s={search_term_string}\"},\"query-input\":{\"@type\":\"PropertyValueSpecification\",\"valueRequired\":true,\"valueName\":\"search_term_string\"}}],\"inLanguage\":\"vi\"},{\"@type\":\"Organization\",\"@id\":\"https:\\\/\\\/urgentgames.com\\\/ru\\\/#organization\",\"name\":\"Urgent Games\",\"url\":\"https:\\\/\\\/urgentgames.com\\\/ru\\\/\",\"logo\":{\"@type\":\"ImageObject\",\"inLanguage\":\"vi\",\"@id\":\"https:\\\/\\\/urgentgames.com\\\/ru\\\/#\\\/schema\\\/logo\\\/image\\\/\",\"url\":\"https:\\\/\\\/urgentgames.com\\\/wp-content\\\/uploads\\\/2021\\\/06\\\/logo.png\",\"contentUrl\":\"https:\\\/\\\/urgentgames.com\\\/wp-content\\\/uploads\\\/2021\\\/06\\\/logo.png\",\"width\":438,\"height\":277,\"caption\":\"Urgent Games\"},\"image\":{\"@id\":\"https:\\\/\\\/urgentgames.com\\\/ru\\\/#\\\/schema\\\/logo\\\/image\\\/\"},\"sameAs\":[\"https:\\\/\\\/www.facebook.com\\\/UrgentGame\\\/\",\"https:\\\/\\\/x.com\\\/UrgentGames\",\"https:\\\/\\\/www.instagram.com\\\/urgentgames\\\/\",\"https:\\\/\\\/www.linkedin.com\\\/company\\\/urgentgames\\\/\",\"https:\\\/\\\/myspace.com\\\/urgent_games\",\"https:\\\/\\\/www.pinterest.com.mx\\\/UrgentGames\\\/\",\"https:\\\/\\\/www.youtube.com\\\/c\\\/UrgentGame\"]}]}<\/script>\n<!-- \/ Yoast SEO plugin. -->","yoast_head_json":{"title":"Kh\u00e1m ph\u00e1 c\u00e1c tr\u00f2 ch\u01a1i s\u00f2ng b\u1ea1c c\u00f3 th\u01b0\u01a1ng hi\u1ec7u h\u1ea5p d\u1eabn | Urgent Games","description":"Kh\u00e1m ph\u00e1 th\u1ebf gi\u1edbi tr\u00f2 ch\u01a1i s\u00f2ng b\u1ea1c c\u00f3 th\u01b0\u01a1ng hi\u1ec7u mang \u0111\u1ebfn s\u1ef1 ph\u1ea5n kh\u00edch v\u00e0 gi\u1ea3i tr\u00ed. Ch\u01a1i c\u00e1c t\u1ef1a game ch\u1ea5t l\u01b0\u1ee3ng h\u00e0ng \u0111\u1ea7u \u1edf t\u1ed1c \u0111\u1ed9 Urgent Games v\u00e0 tr\u1ea3i nghi\u1ec7m tr\u00f2 ch\u01a1i tr\u1ef1c tuy\u1ebfn t\u1ed1t nh\u1ea5t.","robots":{"index":"index","follow":"follow","max-snippet":"max-snippet:-1","max-image-preview":"max-image-preview:large","max-video-preview":"max-video-preview:-1"},"canonical":"https:\/\/urgentgames.com\/vi\/tro-choi-co-thuong-hieu-2\/","og_locale":"vi_VN","og_type":"article","og_title":"Explore Engaging Branded Casino Games | Urgent Games","og_description":"Discover a world of branded casino games that offer excitement and entertainment. Play top-quality titles at Urgent Games and experience the best in online gaming.","og_url":"https:\/\/urgentgames.com\/vi\/tro-choi-co-thuong-hieu-2\/","og_site_name":"Urgent Games","article_publisher":"https:\/\/www.facebook.com\/UrgentGame\/","article_modified_time":"2023-10-09T17:41:58+00:00","og_image":[{"width":438,"height":277,"url":"https:\/\/urgentgames.com\/wp-content\/uploads\/2021\/06\/logo.png","type":"image\/png"}],"twitter_card":"summary_large_image","twitter_site":"@UrgentGames","schema":{"@context":"https:\/\/schema.org","@graph":[{"@type":"WebPage","@id":"https:\/\/urgentgames.com\/branded-games\/","url":"https:\/\/urgentgames.com\/branded-games\/","name":"Kh\u00e1m ph\u00e1 c\u00e1c tr\u00f2 ch\u01a1i s\u00f2ng b\u1ea1c c\u00f3 th\u01b0\u01a1ng hi\u1ec7u h\u1ea5p d\u1eabn | Urgent Games","isPartOf":{"@id":"https:\/\/urgentgames.com\/ru\/#website"},"datePublished":"2023-02-24T06:27:39+00:00","dateModified":"2023-10-09T17:41:58+00:00","description":"Kh\u00e1m ph\u00e1 th\u1ebf gi\u1edbi tr\u00f2 ch\u01a1i s\u00f2ng b\u1ea1c c\u00f3 th\u01b0\u01a1ng hi\u1ec7u mang \u0111\u1ebfn s\u1ef1 ph\u1ea5n kh\u00edch v\u00e0 gi\u1ea3i tr\u00ed. Ch\u01a1i c\u00e1c t\u1ef1a game ch\u1ea5t l\u01b0\u1ee3ng h\u00e0ng \u0111\u1ea7u \u1edf t\u1ed1c \u0111\u1ed9 Urgent Games v\u00e0 tr\u1ea3i nghi\u1ec7m tr\u00f2 ch\u01a1i tr\u1ef1c tuy\u1ebfn t\u1ed1t nh\u1ea5t.","breadcrumb":{"@id":"https:\/\/urgentgames.com\/branded-games\/#breadcrumb"},"inLanguage":"vi","potentialAction":[{"@type":"ReadAction","target":["https:\/\/urgentgames.com\/branded-games\/"]}]},{"@type":"BreadcrumbList","@id":"https:\/\/urgentgames.com\/branded-games\/#breadcrumb","itemListElement":[{"@type":"ListItem","position":1,"name":"Home","item":"https:\/\/urgentgames.com\/"},{"@type":"ListItem","position":2,"name":"Branded Games"}]},{"@type":"WebSite","@id":"https:\/\/urgentgames.com\/ru\/#website","url":"https:\/\/urgentgames.com\/ru\/","name":"Urgent Games","description":"Ng\u01b0\u1eddi d\u1eabn \u0111\u1ea7u ng\u00e0nh v\u1ec1 tr\u00f2 ch\u01a1i Slot &amp; Casino HTML5. Nh\u00e0 cung c\u1ea5p khe c\u1eafm API. Nh\u00e0 cung c\u1ea5p s\u00f2ng b\u1ea1c White Label, Nh\u00e0 cung c\u1ea5p tr\u00f2 ch\u01a1i s\u00f2ng b\u1ea1c","publisher":{"@id":"https:\/\/urgentgames.com\/ru\/#organization"},"potentialAction":[{"@type":"SearchAction","target":{"@type":"EntryPoint","urlTemplate":"https:\/\/urgentgames.com\/ru\/?s={search_term_string}"},"query-input":{"@type":"PropertyValueSpecification","valueRequired":true,"valueName":"search_term_string"}}],"inLanguage":"vi"},{"@type":"Organization","@id":"https:\/\/urgentgames.com\/ru\/#organization","name":"Urgent Games","url":"https:\/\/urgentgames.com\/ru\/","logo":{"@type":"ImageObject","inLanguage":"vi","@id":"https:\/\/urgentgames.com\/ru\/#\/schema\/logo\/image\/","url":"https:\/\/urgentgames.com\/wp-content\/uploads\/2021\/06\/logo.png","contentUrl":"https:\/\/urgentgames.com\/wp-content\/uploads\/2021\/06\/logo.png","width":438,"height":277,"caption":"Urgent Games"},"image":{"@id":"https:\/\/urgentgames.com\/ru\/#\/schema\/logo\/image\/"},"sameAs":["https:\/\/www.facebook.com\/UrgentGame\/","https:\/\/x.com\/UrgentGames","https:\/\/www.instagram.com\/urgentgames\/","https:\/\/www.linkedin.com\/company\/urgentgames\/","https:\/\/myspace.com\/urgent_games","https:\/\/www.pinterest.com.mx\/UrgentGames\/","https:\/\/www.youtube.com\/c\/UrgentGame"]}]}},"_links":{"self":[{"href":"https:\/\/urgentgames.com\/vi\/wp-json\/wp\/v2\/pages\/1239","targetHints":{"allow":["GET"]}}],"collection":[{"href":"https:\/\/urgentgames.com\/vi\/wp-json\/wp\/v2\/pages"}],"about":[{"href":"https:\/\/urgentgames.com\/vi\/wp-json\/wp\/v2\/types\/page"}],"author":[{"embeddable":true,"href":"https:\/\/urgentgames.com\/vi\/wp-json\/wp\/v2\/users\/1"}],"replies":[{"embeddable":true,"href":"https:\/\/urgentgames.com\/vi\/wp-json\/wp\/v2\/comments?post=1239"}],"version-history":[{"count":1,"href":"https:\/\/urgentgames.com\/vi\/wp-json\/wp\/v2\/pages\/1239\/revisions"}],"predecessor-version":[{"id":1348,"href":"https:\/\/urgentgames.com\/vi\/wp-json\/wp\/v2\/pages\/1239\/revisions\/1348"}],"wp:attachment":[{"href":"https:\/\/urgentgames.com\/vi\/wp-json\/wp\/v2\/media?parent=1239"}],"curies":[{"name":"wp","href":"https:\/\/api.w.org\/{rel}","templated":true}]}}