{"id":115,"date":"2021-06-23T07:08:18","date_gmt":"2021-06-23T12:08:18","guid":{"rendered":"https:\/\/urgentgames.com\/?page_id=115"},"modified":"2021-09-20T04:31:30","modified_gmt":"2021-09-20T09:31:30","slug":"tro-choi-2","status":"publish","type":"page","link":"https:\/\/urgentgames.com\/vi\/tro-choi-2\/","title":{"rendered":"Tr\u00f2 ch\u01a1i"},"content":{"rendered":"","protected":false},"excerpt":{"rendered":"","protected":false},"author":1,"featured_media":0,"parent":0,"menu_order":0,"comment_status":"closed","ping_status":"closed","template":"list-games.php","meta":{"_acf_changed":false,"inline_featured_image":false,"footnotes":""},"class_list":["post-115","page","type-page","status-publish","hentry"],"acf":[],"yoast_head":"<!-- This site is optimized with the Yoast SEO plugin v27.4 - https:\/\/yoast.com\/product\/yoast-seo-wordpress\/ -->\n<title>Games - Urgent Games<\/title>\n<meta name=\"description\" content=\"See all of our newest game releases here, play for free and experience the rush of the casino while in the comfort of your own home.\" \/>\n<meta name=\"robots\" content=\"index, follow, max-snippet:-1, max-image-preview:large, max-video-preview:-1\" \/>\n<link rel=\"canonical\" href=\"https:\/\/urgentgames.com\/vi\/tro-choi-2\/\" \/>\n<meta property=\"og:locale\" content=\"vi_VN\" \/>\n<meta property=\"og:type\" content=\"article\" \/>\n<meta property=\"og:title\" content=\"Games - Urgent Games\" \/>\n<meta property=\"og:description\" content=\"See all of our newest game releases here, play for free and experience the rush of the casino while in the comfort of your own home.\" \/>\n<meta property=\"og:url\" content=\"https:\/\/urgentgames.com\/vi\/tro-choi-2\/\" \/>\n<meta property=\"og:site_name\" content=\"Urgent Games\" \/>\n<meta property=\"article:publisher\" content=\"https:\/\/www.facebook.com\/UrgentGame\/\" \/>\n<meta property=\"article:modified_time\" content=\"2021-09-20T09:31:30+00:00\" \/>\n<meta property=\"og:image\" content=\"https:\/\/urgentgames.com\/wp-content\/uploads\/2021\/06\/logo.png\" \/>\n\t<meta property=\"og:image:width\" content=\"438\" \/>\n\t<meta property=\"og:image:height\" content=\"277\" \/>\n\t<meta property=\"og:image:type\" content=\"image\/png\" \/>\n<meta name=\"twitter:card\" content=\"summary_large_image\" \/>\n<meta name=\"twitter:site\" content=\"@UrgentGames\" \/>\n<script type=\"application\/ld+json\" class=\"yoast-schema-graph\">{\"@context\":\"https:\\\/\\\/schema.org\",\"@graph\":[{\"@type\":\"WebPage\",\"@id\":\"https:\\\/\\\/urgentgames.com\\\/es\\\/juegos\\\/\",\"url\":\"https:\\\/\\\/urgentgames.com\\\/es\\\/juegos\\\/\",\"name\":\"Games - Urgent Games\",\"isPartOf\":{\"@id\":\"https:\\\/\\\/urgentgames.com\\\/ru\\\/#website\"},\"datePublished\":\"2021-06-23T12:08:18+00:00\",\"dateModified\":\"2021-09-20T09:31:30+00:00\",\"description\":\"See all of our newest game releases here, play for free and experience the rush of the casino while in the comfort of your own home.\",\"breadcrumb\":{\"@id\":\"https:\\\/\\\/urgentgames.com\\\/es\\\/juegos\\\/#breadcrumb\"},\"inLanguage\":\"vi\",\"potentialAction\":[{\"@type\":\"ReadAction\",\"target\":[\"https:\\\/\\\/urgentgames.com\\\/es\\\/juegos\\\/\"]}]},{\"@type\":\"BreadcrumbList\",\"@id\":\"https:\\\/\\\/urgentgames.com\\\/es\\\/juegos\\\/#breadcrumb\",\"itemListElement\":[{\"@type\":\"ListItem\",\"position\":1,\"name\":\"Home\",\"item\":\"https:\\\/\\\/urgentgames.com\\\/\"},{\"@type\":\"ListItem\",\"position\":2,\"name\":\"Games\"}]},{\"@type\":\"WebSite\",\"@id\":\"https:\\\/\\\/urgentgames.com\\\/ru\\\/#website\",\"url\":\"https:\\\/\\\/urgentgames.com\\\/ru\\\/\",\"name\":\"Urgent Games\",\"description\":\"The industry leader in HTML5 Slot &amp; Casino games. API Slot Provider. White Label Casino Provider, Casino Game Provider\",\"publisher\":{\"@id\":\"https:\\\/\\\/urgentgames.com\\\/ru\\\/#organization\"},\"potentialAction\":[{\"@type\":\"SearchAction\",\"target\":{\"@type\":\"EntryPoint\",\"urlTemplate\":\"https:\\\/\\\/urgentgames.com\\\/ru\\\/?s={search_term_string}\"},\"query-input\":{\"@type\":\"PropertyValueSpecification\",\"valueRequired\":true,\"valueName\":\"search_term_string\"}}],\"inLanguage\":\"vi\"},{\"@type\":\"Organization\",\"@id\":\"https:\\\/\\\/urgentgames.com\\\/ru\\\/#organization\",\"name\":\"Urgent Games\",\"url\":\"https:\\\/\\\/urgentgames.com\\\/ru\\\/\",\"logo\":{\"@type\":\"ImageObject\",\"inLanguage\":\"vi\",\"@id\":\"https:\\\/\\\/urgentgames.com\\\/ru\\\/#\\\/schema\\\/logo\\\/image\\\/\",\"url\":\"https:\\\/\\\/urgentgames.com\\\/wp-content\\\/uploads\\\/2021\\\/06\\\/logo.png\",\"contentUrl\":\"https:\\\/\\\/urgentgames.com\\\/wp-content\\\/uploads\\\/2021\\\/06\\\/logo.png\",\"width\":438,\"height\":277,\"caption\":\"Urgent Games\"},\"image\":{\"@id\":\"https:\\\/\\\/urgentgames.com\\\/ru\\\/#\\\/schema\\\/logo\\\/image\\\/\"},\"sameAs\":[\"https:\\\/\\\/www.facebook.com\\\/UrgentGame\\\/\",\"https:\\\/\\\/x.com\\\/UrgentGames\",\"https:\\\/\\\/www.instagram.com\\\/urgentgames\\\/\",\"https:\\\/\\\/www.linkedin.com\\\/company\\\/urgentgames\\\/\",\"https:\\\/\\\/myspace.com\\\/urgent_games\",\"https:\\\/\\\/www.pinterest.com.mx\\\/UrgentGames\\\/\",\"https:\\\/\\\/www.youtube.com\\\/c\\\/UrgentGame\"]}]}<\/script>\n<!-- \/ Yoast SEO plugin. -->","yoast_head_json":{"title":"Tr\u00f2 ch\u01a1i - Urgent Games","description":"Xem t\u1ea5t c\u1ea3 c\u00e1c b\u1ea3n ph\u00e1t h\u00e0nh tr\u00f2 ch\u01a1i m\u1edbi nh\u1ea5t c\u1ee7a ch\u00fang t\u00f4i t\u1ea1i \u0111\u00e2y, ch\u01a1i mi\u1ec5n ph\u00ed v\u00e0 tr\u1ea3i nghi\u1ec7m s\u1ef1 h\u1ed1i h\u1ea3 c\u1ee7a s\u00f2ng b\u1ea1c trong s\u1ef1 tho\u1ea3i m\u00e1i t\u1ea1i nh\u00e0 ri\u00eang c\u1ee7a b\u1ea1n.","robots":{"index":"index","follow":"follow","max-snippet":"max-snippet:-1","max-image-preview":"max-image-preview:large","max-video-preview":"max-video-preview:-1"},"canonical":"https:\/\/urgentgames.com\/vi\/tro-choi-2\/","og_locale":"vi_VN","og_type":"article","og_title":"Games - Urgent Games","og_description":"See all of our newest game releases here, play for free and experience the rush of the casino while in the comfort of your own home.","og_url":"https:\/\/urgentgames.com\/vi\/tro-choi-2\/","og_site_name":"Urgent Games","article_publisher":"https:\/\/www.facebook.com\/UrgentGame\/","article_modified_time":"2021-09-20T09:31:30+00:00","og_image":[{"width":438,"height":277,"url":"https:\/\/urgentgames.com\/wp-content\/uploads\/2021\/06\/logo.png","type":"image\/png"}],"twitter_card":"summary_large_image","twitter_site":"@UrgentGames","schema":{"@context":"https:\/\/schema.org","@graph":[{"@type":"WebPage","@id":"https:\/\/urgentgames.com\/es\/juegos\/","url":"https:\/\/urgentgames.com\/es\/juegos\/","name":"Tr\u00f2 ch\u01a1i - Urgent Games","isPartOf":{"@id":"https:\/\/urgentgames.com\/ru\/#website"},"datePublished":"2021-06-23T12:08:18+00:00","dateModified":"2021-09-20T09:31:30+00:00","description":"Xem t\u1ea5t c\u1ea3 c\u00e1c b\u1ea3n ph\u00e1t h\u00e0nh tr\u00f2 ch\u01a1i m\u1edbi nh\u1ea5t c\u1ee7a ch\u00fang t\u00f4i t\u1ea1i \u0111\u00e2y, ch\u01a1i mi\u1ec5n ph\u00ed v\u00e0 tr\u1ea3i nghi\u1ec7m s\u1ef1 h\u1ed1i h\u1ea3 c\u1ee7a s\u00f2ng b\u1ea1c trong s\u1ef1 tho\u1ea3i m\u00e1i t\u1ea1i nh\u00e0 ri\u00eang c\u1ee7a b\u1ea1n.","breadcrumb":{"@id":"https:\/\/urgentgames.com\/es\/juegos\/#breadcrumb"},"inLanguage":"vi","potentialAction":[{"@type":"ReadAction","target":["https:\/\/urgentgames.com\/es\/juegos\/"]}]},{"@type":"BreadcrumbList","@id":"https:\/\/urgentgames.com\/es\/juegos\/#breadcrumb","itemListElement":[{"@type":"ListItem","position":1,"name":"Home","item":"https:\/\/urgentgames.com\/"},{"@type":"ListItem","position":2,"name":"Games"}]},{"@type":"WebSite","@id":"https:\/\/urgentgames.com\/ru\/#website","url":"https:\/\/urgentgames.com\/ru\/","name":"Urgent Games","description":"Ng\u01b0\u1eddi d\u1eabn \u0111\u1ea7u ng\u00e0nh v\u1ec1 tr\u00f2 ch\u01a1i Slot &amp; Casino HTML5. Nh\u00e0 cung c\u1ea5p khe c\u1eafm API. Nh\u00e0 cung c\u1ea5p s\u00f2ng b\u1ea1c White Label, Nh\u00e0 cung c\u1ea5p tr\u00f2 ch\u01a1i s\u00f2ng b\u1ea1c","publisher":{"@id":"https:\/\/urgentgames.com\/ru\/#organization"},"potentialAction":[{"@type":"SearchAction","target":{"@type":"EntryPoint","urlTemplate":"https:\/\/urgentgames.com\/ru\/?s={search_term_string}"},"query-input":{"@type":"PropertyValueSpecification","valueRequired":true,"valueName":"search_term_string"}}],"inLanguage":"vi"},{"@type":"Organization","@id":"https:\/\/urgentgames.com\/ru\/#organization","name":"Urgent Games","url":"https:\/\/urgentgames.com\/ru\/","logo":{"@type":"ImageObject","inLanguage":"vi","@id":"https:\/\/urgentgames.com\/ru\/#\/schema\/logo\/image\/","url":"https:\/\/urgentgames.com\/wp-content\/uploads\/2021\/06\/logo.png","contentUrl":"https:\/\/urgentgames.com\/wp-content\/uploads\/2021\/06\/logo.png","width":438,"height":277,"caption":"Urgent Games"},"image":{"@id":"https:\/\/urgentgames.com\/ru\/#\/schema\/logo\/image\/"},"sameAs":["https:\/\/www.facebook.com\/UrgentGame\/","https:\/\/x.com\/UrgentGames","https:\/\/www.instagram.com\/urgentgames\/","https:\/\/www.linkedin.com\/company\/urgentgames\/","https:\/\/myspace.com\/urgent_games","https:\/\/www.pinterest.com.mx\/UrgentGames\/","https:\/\/www.youtube.com\/c\/UrgentGame"]}]}},"_links":{"self":[{"href":"https:\/\/urgentgames.com\/vi\/wp-json\/wp\/v2\/pages\/115","targetHints":{"allow":["GET"]}}],"collection":[{"href":"https:\/\/urgentgames.com\/vi\/wp-json\/wp\/v2\/pages"}],"about":[{"href":"https:\/\/urgentgames.com\/vi\/wp-json\/wp\/v2\/types\/page"}],"author":[{"embeddable":true,"href":"https:\/\/urgentgames.com\/vi\/wp-json\/wp\/v2\/users\/1"}],"replies":[{"embeddable":true,"href":"https:\/\/urgentgames.com\/vi\/wp-json\/wp\/v2\/comments?post=115"}],"version-history":[{"count":0,"href":"https:\/\/urgentgames.com\/vi\/wp-json\/wp\/v2\/pages\/115\/revisions"}],"wp:attachment":[{"href":"https:\/\/urgentgames.com\/vi\/wp-json\/wp\/v2\/media?parent=115"}],"curies":[{"name":"wp","href":"https:\/\/api.w.org\/{rel}","templated":true}]}}