{"id":1107,"date":"2023-02-21T00:55:37","date_gmt":"2023-02-21T05:55:37","guid":{"rendered":"https:\/\/urgentgames.com\/?page_id=1107"},"modified":"2023-10-09T12:42:57","modified_gmt":"2023-10-09T17:42:57","slug":"nen-tang-song-bac-truc-tuyen","status":"publish","type":"page","link":"https:\/\/urgentgames.com\/vi\/nen-tang-song-bac-truc-tuyen\/","title":{"rendered":"N\u1ec1n t\u1ea3ng s\u00f2ng b\u1ea1c tr\u1ef1c tuy\u1ebfn"},"content":{"rendered":"","protected":false},"excerpt":{"rendered":"","protected":false},"author":1,"featured_media":0,"parent":0,"menu_order":0,"comment_status":"closed","ping_status":"closed","template":"template-online-casino-platform.php","meta":{"_acf_changed":false,"inline_featured_image":false,"footnotes":""},"class_list":["post-1107","page","type-page","status-publish","hentry"],"acf":[],"yoast_head":"<!-- This site is optimized with the Yoast SEO plugin v27.3 - https:\/\/yoast.com\/product\/yoast-seo-wordpress\/ -->\n<title>Your Premier Online Casino Platform | Urgent Games<\/title>\n<meta name=\"description\" content=\"Experience the future of online gaming with Urgent Games&#039; cutting-edge online casino platform. Enjoy a seamless and thrilling casino experience with a wide range of games and features.\" \/>\n<meta name=\"robots\" content=\"index, follow, max-snippet:-1, max-image-preview:large, max-video-preview:-1\" \/>\n<link rel=\"canonical\" href=\"https:\/\/urgentgames.com\/vi\/nen-tang-song-bac-truc-tuyen\/\" \/>\n<meta property=\"og:locale\" content=\"vi_VN\" \/>\n<meta property=\"og:type\" content=\"article\" \/>\n<meta property=\"og:title\" content=\"Your Premier Online Casino Platform | Urgent Games\" \/>\n<meta property=\"og:description\" content=\"Experience the future of online gaming with Urgent Games&#039; cutting-edge online casino platform. Enjoy a seamless and thrilling casino experience with a wide range of games and features.\" \/>\n<meta property=\"og:url\" content=\"https:\/\/urgentgames.com\/vi\/nen-tang-song-bac-truc-tuyen\/\" \/>\n<meta property=\"og:site_name\" content=\"Urgent Games\" \/>\n<meta property=\"article:publisher\" content=\"https:\/\/www.facebook.com\/UrgentGame\/\" \/>\n<meta property=\"article:modified_time\" content=\"2023-10-09T17:42:57+00:00\" \/>\n<meta property=\"og:image\" content=\"https:\/\/urgentgames.com\/wp-content\/uploads\/2021\/06\/logo.png\" \/>\n\t<meta property=\"og:image:width\" content=\"438\" \/>\n\t<meta property=\"og:image:height\" content=\"277\" \/>\n\t<meta property=\"og:image:type\" content=\"image\/png\" \/>\n<meta name=\"twitter:card\" content=\"summary_large_image\" \/>\n<meta name=\"twitter:site\" content=\"@UrgentGames\" \/>\n<script type=\"application\/ld+json\" class=\"yoast-schema-graph\">{\"@context\":\"https:\\\/\\\/schema.org\",\"@graph\":[{\"@type\":\"WebPage\",\"@id\":\"https:\\\/\\\/urgentgames.com\\\/online-casino-platform\\\/\",\"url\":\"https:\\\/\\\/urgentgames.com\\\/online-casino-platform\\\/\",\"name\":\"Your Premier Online Casino Platform | Urgent Games\",\"isPartOf\":{\"@id\":\"https:\\\/\\\/urgentgames.com\\\/ru\\\/#website\"},\"datePublished\":\"2023-02-21T05:55:37+00:00\",\"dateModified\":\"2023-10-09T17:42:57+00:00\",\"description\":\"Experience the future of online gaming with Urgent Games' cutting-edge online casino platform. Enjoy a seamless and thrilling casino experience with a wide range of games and features.\",\"breadcrumb\":{\"@id\":\"https:\\\/\\\/urgentgames.com\\\/online-casino-platform\\\/#breadcrumb\"},\"inLanguage\":\"vi\",\"potentialAction\":[{\"@type\":\"ReadAction\",\"target\":[\"https:\\\/\\\/urgentgames.com\\\/online-casino-platform\\\/\"]}]},{\"@type\":\"BreadcrumbList\",\"@id\":\"https:\\\/\\\/urgentgames.com\\\/online-casino-platform\\\/#breadcrumb\",\"itemListElement\":[{\"@type\":\"ListItem\",\"position\":1,\"name\":\"Home\",\"item\":\"https:\\\/\\\/urgentgames.com\\\/\"},{\"@type\":\"ListItem\",\"position\":2,\"name\":\"Online Casino Platform\"}]},{\"@type\":\"WebSite\",\"@id\":\"https:\\\/\\\/urgentgames.com\\\/ru\\\/#website\",\"url\":\"https:\\\/\\\/urgentgames.com\\\/ru\\\/\",\"name\":\"Urgent Games\",\"description\":\"The industry leader in HTML5 Slot &amp; Casino games. API Slot Provider. White Label Casino Provider, Casino Game Provider\",\"publisher\":{\"@id\":\"https:\\\/\\\/urgentgames.com\\\/ru\\\/#organization\"},\"potentialAction\":[{\"@type\":\"SearchAction\",\"target\":{\"@type\":\"EntryPoint\",\"urlTemplate\":\"https:\\\/\\\/urgentgames.com\\\/ru\\\/?s={search_term_string}\"},\"query-input\":{\"@type\":\"PropertyValueSpecification\",\"valueRequired\":true,\"valueName\":\"search_term_string\"}}],\"inLanguage\":\"vi\"},{\"@type\":\"Organization\",\"@id\":\"https:\\\/\\\/urgentgames.com\\\/ru\\\/#organization\",\"name\":\"Urgent Games\",\"url\":\"https:\\\/\\\/urgentgames.com\\\/ru\\\/\",\"logo\":{\"@type\":\"ImageObject\",\"inLanguage\":\"vi\",\"@id\":\"https:\\\/\\\/urgentgames.com\\\/ru\\\/#\\\/schema\\\/logo\\\/image\\\/\",\"url\":\"https:\\\/\\\/urgentgames.com\\\/wp-content\\\/uploads\\\/2021\\\/06\\\/logo.png\",\"contentUrl\":\"https:\\\/\\\/urgentgames.com\\\/wp-content\\\/uploads\\\/2021\\\/06\\\/logo.png\",\"width\":438,\"height\":277,\"caption\":\"Urgent Games\"},\"image\":{\"@id\":\"https:\\\/\\\/urgentgames.com\\\/ru\\\/#\\\/schema\\\/logo\\\/image\\\/\"},\"sameAs\":[\"https:\\\/\\\/www.facebook.com\\\/UrgentGame\\\/\",\"https:\\\/\\\/x.com\\\/UrgentGames\",\"https:\\\/\\\/www.instagram.com\\\/urgentgames\\\/\",\"https:\\\/\\\/www.linkedin.com\\\/company\\\/urgentgames\\\/\",\"https:\\\/\\\/myspace.com\\\/urgent_games\",\"https:\\\/\\\/www.pinterest.com.mx\\\/UrgentGames\\\/\",\"https:\\\/\\\/www.youtube.com\\\/c\\\/UrgentGame\"]}]}<\/script>\n<!-- \/ Yoast SEO plugin. -->","yoast_head_json":{"title":"N\u1ec1n t\u1ea3ng s\u00f2ng b\u1ea1c tr\u1ef1c tuy\u1ebfn h\u00e0ng \u0111\u1ea7u c\u1ee7a b\u1ea1n | Urgent Games","description":"Tr\u1ea3i nghi\u1ec7m t\u01b0\u01a1ng lai c\u1ee7a tr\u00f2 ch\u01a1i tr\u1ef1c tuy\u1ebfn v\u1edbi n\u1ec1n t\u1ea3ng s\u00f2ng b\u1ea1c tr\u1ef1c tuy\u1ebfn ti\u00ean ti\u1ebfn c\u1ee7a Urgent Games. T\u1eadn h\u01b0\u1edfng tr\u1ea3i nghi\u1ec7m s\u00f2ng b\u1ea1c li\u1ec1n m\u1ea1ch v\u00e0 th\u00fa v\u1ecb v\u1edbi nhi\u1ec1u tr\u00f2 ch\u01a1i v\u00e0 t\u00ednh n\u0103ng.","robots":{"index":"index","follow":"follow","max-snippet":"max-snippet:-1","max-image-preview":"max-image-preview:large","max-video-preview":"max-video-preview:-1"},"canonical":"https:\/\/urgentgames.com\/vi\/nen-tang-song-bac-truc-tuyen\/","og_locale":"vi_VN","og_type":"article","og_title":"Your Premier Online Casino Platform | Urgent Games","og_description":"Experience the future of online gaming with Urgent Games' cutting-edge online casino platform. Enjoy a seamless and thrilling casino experience with a wide range of games and features.","og_url":"https:\/\/urgentgames.com\/vi\/nen-tang-song-bac-truc-tuyen\/","og_site_name":"Urgent Games","article_publisher":"https:\/\/www.facebook.com\/UrgentGame\/","article_modified_time":"2023-10-09T17:42:57+00:00","og_image":[{"width":438,"height":277,"url":"https:\/\/urgentgames.com\/wp-content\/uploads\/2021\/06\/logo.png","type":"image\/png"}],"twitter_card":"summary_large_image","twitter_site":"@UrgentGames","schema":{"@context":"https:\/\/schema.org","@graph":[{"@type":"WebPage","@id":"https:\/\/urgentgames.com\/online-casino-platform\/","url":"https:\/\/urgentgames.com\/online-casino-platform\/","name":"N\u1ec1n t\u1ea3ng s\u00f2ng b\u1ea1c tr\u1ef1c tuy\u1ebfn h\u00e0ng \u0111\u1ea7u c\u1ee7a b\u1ea1n | Urgent Games","isPartOf":{"@id":"https:\/\/urgentgames.com\/ru\/#website"},"datePublished":"2023-02-21T05:55:37+00:00","dateModified":"2023-10-09T17:42:57+00:00","description":"Tr\u1ea3i nghi\u1ec7m t\u01b0\u01a1ng lai c\u1ee7a tr\u00f2 ch\u01a1i tr\u1ef1c tuy\u1ebfn v\u1edbi n\u1ec1n t\u1ea3ng s\u00f2ng b\u1ea1c tr\u1ef1c tuy\u1ebfn ti\u00ean ti\u1ebfn c\u1ee7a Urgent Games. T\u1eadn h\u01b0\u1edfng tr\u1ea3i nghi\u1ec7m s\u00f2ng b\u1ea1c li\u1ec1n m\u1ea1ch v\u00e0 th\u00fa v\u1ecb v\u1edbi nhi\u1ec1u tr\u00f2 ch\u01a1i v\u00e0 t\u00ednh n\u0103ng.","breadcrumb":{"@id":"https:\/\/urgentgames.com\/online-casino-platform\/#breadcrumb"},"inLanguage":"vi","potentialAction":[{"@type":"ReadAction","target":["https:\/\/urgentgames.com\/online-casino-platform\/"]}]},{"@type":"BreadcrumbList","@id":"https:\/\/urgentgames.com\/online-casino-platform\/#breadcrumb","itemListElement":[{"@type":"ListItem","position":1,"name":"Home","item":"https:\/\/urgentgames.com\/"},{"@type":"ListItem","position":2,"name":"Online Casino Platform"}]},{"@type":"WebSite","@id":"https:\/\/urgentgames.com\/ru\/#website","url":"https:\/\/urgentgames.com\/ru\/","name":"Urgent Games","description":"Ng\u01b0\u1eddi d\u1eabn \u0111\u1ea7u ng\u00e0nh v\u1ec1 tr\u00f2 ch\u01a1i Slot &amp; Casino HTML5. Nh\u00e0 cung c\u1ea5p khe c\u1eafm API. Nh\u00e0 cung c\u1ea5p s\u00f2ng b\u1ea1c White Label, Nh\u00e0 cung c\u1ea5p tr\u00f2 ch\u01a1i s\u00f2ng b\u1ea1c","publisher":{"@id":"https:\/\/urgentgames.com\/ru\/#organization"},"potentialAction":[{"@type":"SearchAction","target":{"@type":"EntryPoint","urlTemplate":"https:\/\/urgentgames.com\/ru\/?s={search_term_string}"},"query-input":{"@type":"PropertyValueSpecification","valueRequired":true,"valueName":"search_term_string"}}],"inLanguage":"vi"},{"@type":"Organization","@id":"https:\/\/urgentgames.com\/ru\/#organization","name":"Urgent Games","url":"https:\/\/urgentgames.com\/ru\/","logo":{"@type":"ImageObject","inLanguage":"vi","@id":"https:\/\/urgentgames.com\/ru\/#\/schema\/logo\/image\/","url":"https:\/\/urgentgames.com\/wp-content\/uploads\/2021\/06\/logo.png","contentUrl":"https:\/\/urgentgames.com\/wp-content\/uploads\/2021\/06\/logo.png","width":438,"height":277,"caption":"Urgent Games"},"image":{"@id":"https:\/\/urgentgames.com\/ru\/#\/schema\/logo\/image\/"},"sameAs":["https:\/\/www.facebook.com\/UrgentGame\/","https:\/\/x.com\/UrgentGames","https:\/\/www.instagram.com\/urgentgames\/","https:\/\/www.linkedin.com\/company\/urgentgames\/","https:\/\/myspace.com\/urgent_games","https:\/\/www.pinterest.com.mx\/UrgentGames\/","https:\/\/www.youtube.com\/c\/UrgentGame"]}]}},"_links":{"self":[{"href":"https:\/\/urgentgames.com\/vi\/wp-json\/wp\/v2\/pages\/1107","targetHints":{"allow":["GET"]}}],"collection":[{"href":"https:\/\/urgentgames.com\/vi\/wp-json\/wp\/v2\/pages"}],"about":[{"href":"https:\/\/urgentgames.com\/vi\/wp-json\/wp\/v2\/types\/page"}],"author":[{"embeddable":true,"href":"https:\/\/urgentgames.com\/vi\/wp-json\/wp\/v2\/users\/1"}],"replies":[{"embeddable":true,"href":"https:\/\/urgentgames.com\/vi\/wp-json\/wp\/v2\/comments?post=1107"}],"version-history":[{"count":1,"href":"https:\/\/urgentgames.com\/vi\/wp-json\/wp\/v2\/pages\/1107\/revisions"}],"predecessor-version":[{"id":1279,"href":"https:\/\/urgentgames.com\/vi\/wp-json\/wp\/v2\/pages\/1107\/revisions\/1279"}],"wp:attachment":[{"href":"https:\/\/urgentgames.com\/vi\/wp-json\/wp\/v2\/media?parent=1107"}],"curies":[{"name":"wp","href":"https:\/\/api.w.org\/{rel}","templated":true}]}}