{"id":764,"date":"2022-07-19T06:56:04","date_gmt":"2022-07-19T11:56:04","guid":{"rendered":"https:\/\/urgentgames.com\/?page_id=764"},"modified":"2022-12-12T23:34:47","modified_gmt":"2022-12-13T04:34:47","slug":"kontakt","status":"publish","type":"page","link":"https:\/\/urgentgames.com\/sv_se\/kontakt\/","title":{"rendered":"Kontakt"},"content":{"rendered":"","protected":false},"excerpt":{"rendered":"","protected":false},"author":1,"featured_media":0,"parent":0,"menu_order":0,"comment_status":"closed","ping_status":"closed","template":"template-contact.php","meta":{"_acf_changed":false,"inline_featured_image":false,"footnotes":""},"class_list":["post-764","page","type-page","status-publish","hentry"],"acf":[],"yoast_head":"<!-- This site is optimized with the Yoast SEO plugin v27.4 - https:\/\/yoast.com\/product\/yoast-seo-wordpress\/ -->\n<title>Contact - Urgent Games<\/title>\n<meta name=\"description\" content=\"The Urgent Games contact page is your destination for reaching out to our team with any questions or concerns. Whether you&#039;re a potential partner looking for more information about our program, or a member of the press seeking an interview, we&#039;re here to help. Contact us today and we&#039;ll get back to you as soon as possible.\" \/>\n<meta name=\"robots\" content=\"index, follow, max-snippet:-1, max-image-preview:large, max-video-preview:-1\" \/>\n<link rel=\"canonical\" href=\"https:\/\/urgentgames.com\/sv_se\/kontakt\/\" \/>\n<meta property=\"og:locale\" content=\"sv_SE\" \/>\n<meta property=\"og:type\" content=\"article\" \/>\n<meta property=\"og:title\" content=\"Contact - Urgent Games\" \/>\n<meta property=\"og:description\" content=\"The Urgent Games contact page is your destination for reaching out to our team with any questions or concerns. Whether you&#039;re a potential partner looking for more information about our program, or a member of the press seeking an interview, we&#039;re here to help. Contact us today and we&#039;ll get back to you as soon as possible.\" \/>\n<meta property=\"og:url\" content=\"https:\/\/urgentgames.com\/sv_se\/kontakt\/\" \/>\n<meta property=\"og:site_name\" content=\"Urgent Games\" \/>\n<meta property=\"article:publisher\" content=\"https:\/\/www.facebook.com\/UrgentGame\/\" \/>\n<meta property=\"article:modified_time\" content=\"2022-12-13T04:34:47+00:00\" \/>\n<meta property=\"og:image\" content=\"https:\/\/urgentgames.com\/wp-content\/uploads\/2021\/06\/logo.png\" \/>\n\t<meta property=\"og:image:width\" content=\"438\" \/>\n\t<meta property=\"og:image:height\" content=\"277\" \/>\n\t<meta property=\"og:image:type\" content=\"image\/png\" \/>\n<meta name=\"twitter:card\" content=\"summary_large_image\" \/>\n<meta name=\"twitter:site\" content=\"@UrgentGames\" \/>\n<script type=\"application\/ld+json\" class=\"yoast-schema-graph\">{\"@context\":\"https:\\\/\\\/schema.org\",\"@graph\":[{\"@type\":\"WebPage\",\"@id\":\"https:\\\/\\\/urgentgames.com\\\/contact\\\/\",\"url\":\"https:\\\/\\\/urgentgames.com\\\/contact\\\/\",\"name\":\"Contact - Urgent Games\",\"isPartOf\":{\"@id\":\"https:\\\/\\\/urgentgames.com\\\/ru\\\/#website\"},\"datePublished\":\"2022-07-19T11:56:04+00:00\",\"dateModified\":\"2022-12-13T04:34:47+00:00\",\"description\":\"The Urgent Games contact page is your destination for reaching out to our team with any questions or concerns. Whether you're a potential partner looking for more information about our program, or a member of the press seeking an interview, we're here to help. Contact us today and we'll get back to you as soon as possible.\",\"breadcrumb\":{\"@id\":\"https:\\\/\\\/urgentgames.com\\\/contact\\\/#breadcrumb\"},\"inLanguage\":\"sv-SE\",\"potentialAction\":[{\"@type\":\"ReadAction\",\"target\":[\"https:\\\/\\\/urgentgames.com\\\/contact\\\/\"]}]},{\"@type\":\"BreadcrumbList\",\"@id\":\"https:\\\/\\\/urgentgames.com\\\/contact\\\/#breadcrumb\",\"itemListElement\":[{\"@type\":\"ListItem\",\"position\":1,\"name\":\"Home\",\"item\":\"https:\\\/\\\/urgentgames.com\\\/\"},{\"@type\":\"ListItem\",\"position\":2,\"name\":\"Contact\"}]},{\"@type\":\"WebSite\",\"@id\":\"https:\\\/\\\/urgentgames.com\\\/ru\\\/#website\",\"url\":\"https:\\\/\\\/urgentgames.com\\\/ru\\\/\",\"name\":\"Urgent Games\",\"description\":\"The industry leader in HTML5 Slot &amp; Casino games. API Slot Provider. White Label Casino Provider, Casino Game Provider\",\"publisher\":{\"@id\":\"https:\\\/\\\/urgentgames.com\\\/ru\\\/#organization\"},\"potentialAction\":[{\"@type\":\"SearchAction\",\"target\":{\"@type\":\"EntryPoint\",\"urlTemplate\":\"https:\\\/\\\/urgentgames.com\\\/ru\\\/?s={search_term_string}\"},\"query-input\":{\"@type\":\"PropertyValueSpecification\",\"valueRequired\":true,\"valueName\":\"search_term_string\"}}],\"inLanguage\":\"sv-SE\"},{\"@type\":\"Organization\",\"@id\":\"https:\\\/\\\/urgentgames.com\\\/ru\\\/#organization\",\"name\":\"Urgent Games\",\"url\":\"https:\\\/\\\/urgentgames.com\\\/ru\\\/\",\"logo\":{\"@type\":\"ImageObject\",\"inLanguage\":\"sv-SE\",\"@id\":\"https:\\\/\\\/urgentgames.com\\\/ru\\\/#\\\/schema\\\/logo\\\/image\\\/\",\"url\":\"https:\\\/\\\/urgentgames.com\\\/wp-content\\\/uploads\\\/2021\\\/06\\\/logo.png\",\"contentUrl\":\"https:\\\/\\\/urgentgames.com\\\/wp-content\\\/uploads\\\/2021\\\/06\\\/logo.png\",\"width\":438,\"height\":277,\"caption\":\"Urgent Games\"},\"image\":{\"@id\":\"https:\\\/\\\/urgentgames.com\\\/ru\\\/#\\\/schema\\\/logo\\\/image\\\/\"},\"sameAs\":[\"https:\\\/\\\/www.facebook.com\\\/UrgentGame\\\/\",\"https:\\\/\\\/x.com\\\/UrgentGames\",\"https:\\\/\\\/www.instagram.com\\\/urgentgames\\\/\",\"https:\\\/\\\/www.linkedin.com\\\/company\\\/urgentgames\\\/\",\"https:\\\/\\\/myspace.com\\\/urgent_games\",\"https:\\\/\\\/www.pinterest.com.mx\\\/UrgentGames\\\/\",\"https:\\\/\\\/www.youtube.com\\\/c\\\/UrgentGame\"]}]}<\/script>\n<!-- \/ Yoast SEO plugin. -->","yoast_head_json":{"title":"Kontakt - Urgent Games","description":"Urgent Games-kontaktsidan \u00e4r din destination f\u00f6r att n\u00e5 ut till v\u00e5rt team med eventuella fr\u00e5gor eller funderingar. Oavsett om du \u00e4r en potentiell partner som letar efter mer information om v\u00e5rt program, eller en pressmedlem som s\u00f6ker en intervju, \u00e4r vi h\u00e4r f\u00f6r att hj\u00e4lpa dig. Kontakta oss idag s\u00e5 \u00e5terkommer vi till dig s\u00e5 snart som m\u00f6jligt.","robots":{"index":"index","follow":"follow","max-snippet":"max-snippet:-1","max-image-preview":"max-image-preview:large","max-video-preview":"max-video-preview:-1"},"canonical":"https:\/\/urgentgames.com\/sv_se\/kontakt\/","og_locale":"sv_SE","og_type":"article","og_title":"Contact - Urgent Games","og_description":"The Urgent Games contact page is your destination for reaching out to our team with any questions or concerns. Whether you're a potential partner looking for more information about our program, or a member of the press seeking an interview, we're here to help. Contact us today and we'll get back to you as soon as possible.","og_url":"https:\/\/urgentgames.com\/sv_se\/kontakt\/","og_site_name":"Urgent Games","article_publisher":"https:\/\/www.facebook.com\/UrgentGame\/","article_modified_time":"2022-12-13T04:34:47+00:00","og_image":[{"width":438,"height":277,"url":"https:\/\/urgentgames.com\/wp-content\/uploads\/2021\/06\/logo.png","type":"image\/png"}],"twitter_card":"summary_large_image","twitter_site":"@UrgentGames","schema":{"@context":"https:\/\/schema.org","@graph":[{"@type":"WebPage","@id":"https:\/\/urgentgames.com\/contact\/","url":"https:\/\/urgentgames.com\/contact\/","name":"Kontakt - Urgent Games","isPartOf":{"@id":"https:\/\/urgentgames.com\/ru\/#website"},"datePublished":"2022-07-19T11:56:04+00:00","dateModified":"2022-12-13T04:34:47+00:00","description":"Urgent Games-kontaktsidan \u00e4r din destination f\u00f6r att n\u00e5 ut till v\u00e5rt team med eventuella fr\u00e5gor eller funderingar. Oavsett om du \u00e4r en potentiell partner som letar efter mer information om v\u00e5rt program, eller en pressmedlem som s\u00f6ker en intervju, \u00e4r vi h\u00e4r f\u00f6r att hj\u00e4lpa dig. Kontakta oss idag s\u00e5 \u00e5terkommer vi till dig s\u00e5 snart som m\u00f6jligt.","breadcrumb":{"@id":"https:\/\/urgentgames.com\/contact\/#breadcrumb"},"inLanguage":"sv-SE","potentialAction":[{"@type":"ReadAction","target":["https:\/\/urgentgames.com\/contact\/"]}]},{"@type":"BreadcrumbList","@id":"https:\/\/urgentgames.com\/contact\/#breadcrumb","itemListElement":[{"@type":"ListItem","position":1,"name":"Home","item":"https:\/\/urgentgames.com\/"},{"@type":"ListItem","position":2,"name":"Contact"}]},{"@type":"WebSite","@id":"https:\/\/urgentgames.com\/ru\/#website","url":"https:\/\/urgentgames.com\/ru\/","name":"Urgent Games","description":"Branschledande inom HTML5 spelautomater och kasinospel. API Slot Provider. White Label Casino Provider, Casino Game Provider","publisher":{"@id":"https:\/\/urgentgames.com\/ru\/#organization"},"potentialAction":[{"@type":"SearchAction","target":{"@type":"EntryPoint","urlTemplate":"https:\/\/urgentgames.com\/ru\/?s={search_term_string}"},"query-input":{"@type":"PropertyValueSpecification","valueRequired":true,"valueName":"search_term_string"}}],"inLanguage":"sv-SE"},{"@type":"Organization","@id":"https:\/\/urgentgames.com\/ru\/#organization","name":"Urgent Games","url":"https:\/\/urgentgames.com\/ru\/","logo":{"@type":"ImageObject","inLanguage":"sv-SE","@id":"https:\/\/urgentgames.com\/ru\/#\/schema\/logo\/image\/","url":"https:\/\/urgentgames.com\/wp-content\/uploads\/2021\/06\/logo.png","contentUrl":"https:\/\/urgentgames.com\/wp-content\/uploads\/2021\/06\/logo.png","width":438,"height":277,"caption":"Urgent Games"},"image":{"@id":"https:\/\/urgentgames.com\/ru\/#\/schema\/logo\/image\/"},"sameAs":["https:\/\/www.facebook.com\/UrgentGame\/","https:\/\/x.com\/UrgentGames","https:\/\/www.instagram.com\/urgentgames\/","https:\/\/www.linkedin.com\/company\/urgentgames\/","https:\/\/myspace.com\/urgent_games","https:\/\/www.pinterest.com.mx\/UrgentGames\/","https:\/\/www.youtube.com\/c\/UrgentGame"]}]}},"_links":{"self":[{"href":"https:\/\/urgentgames.com\/sv_se\/wp-json\/wp\/v2\/pages\/764","targetHints":{"allow":["GET"]}}],"collection":[{"href":"https:\/\/urgentgames.com\/sv_se\/wp-json\/wp\/v2\/pages"}],"about":[{"href":"https:\/\/urgentgames.com\/sv_se\/wp-json\/wp\/v2\/types\/page"}],"author":[{"embeddable":true,"href":"https:\/\/urgentgames.com\/sv_se\/wp-json\/wp\/v2\/users\/1"}],"replies":[{"embeddable":true,"href":"https:\/\/urgentgames.com\/sv_se\/wp-json\/wp\/v2\/comments?post=764"}],"version-history":[{"count":1,"href":"https:\/\/urgentgames.com\/sv_se\/wp-json\/wp\/v2\/pages\/764\/revisions"}],"predecessor-version":[{"id":1059,"href":"https:\/\/urgentgames.com\/sv_se\/wp-json\/wp\/v2\/pages\/764\/revisions\/1059"}],"wp:attachment":[{"href":"https:\/\/urgentgames.com\/sv_se\/wp-json\/wp\/v2\/media?parent=764"}],"curies":[{"name":"wp","href":"https:\/\/api.w.org\/{rel}","templated":true}]}}