{"id":764,"date":"2022-07-19T06:56:04","date_gmt":"2022-07-19T11:56:04","guid":{"rendered":"https:\/\/urgentgames.com\/?page_id=764"},"modified":"2022-12-12T23:34:47","modified_gmt":"2022-12-13T04:34:47","slug":"kontaktpersona","status":"publish","type":"page","link":"https:\/\/urgentgames.com\/lv\/kontaktpersona\/","title":{"rendered":"Sazin\u0101ties"},"content":{"rendered":"","protected":false},"excerpt":{"rendered":"","protected":false},"author":1,"featured_media":0,"parent":0,"menu_order":0,"comment_status":"closed","ping_status":"closed","template":"template-contact.php","meta":{"_acf_changed":false,"inline_featured_image":false,"footnotes":""},"class_list":["post-764","page","type-page","status-publish","hentry"],"acf":[],"yoast_head":"<!-- This site is optimized with the Yoast SEO plugin v27.4 - https:\/\/yoast.com\/product\/yoast-seo-wordpress\/ -->\n<title>Contact - Urgent Games<\/title>\n<meta name=\"description\" content=\"The Urgent Games contact page is your destination for reaching out to our team with any questions or concerns. Whether you&#039;re a potential partner looking for more information about our program, or a member of the press seeking an interview, we&#039;re here to help. Contact us today and we&#039;ll get back to you as soon as possible.\" \/>\n<meta name=\"robots\" content=\"index, follow, max-snippet:-1, max-image-preview:large, max-video-preview:-1\" \/>\n<link rel=\"canonical\" href=\"https:\/\/urgentgames.com\/lv\/kontaktpersona\/\" \/>\n<meta property=\"og:locale\" content=\"lv_LV\" \/>\n<meta property=\"og:type\" content=\"article\" \/>\n<meta property=\"og:title\" content=\"Contact - Urgent Games\" \/>\n<meta property=\"og:description\" content=\"The Urgent Games contact page is your destination for reaching out to our team with any questions or concerns. Whether you&#039;re a potential partner looking for more information about our program, or a member of the press seeking an interview, we&#039;re here to help. Contact us today and we&#039;ll get back to you as soon as possible.\" \/>\n<meta property=\"og:url\" content=\"https:\/\/urgentgames.com\/lv\/kontaktpersona\/\" \/>\n<meta property=\"og:site_name\" content=\"Urgent Games\" \/>\n<meta property=\"article:publisher\" content=\"https:\/\/www.facebook.com\/UrgentGame\/\" \/>\n<meta property=\"article:modified_time\" content=\"2022-12-13T04:34:47+00:00\" \/>\n<meta property=\"og:image\" content=\"https:\/\/urgentgames.com\/wp-content\/uploads\/2021\/06\/logo.png\" \/>\n\t<meta property=\"og:image:width\" content=\"438\" \/>\n\t<meta property=\"og:image:height\" content=\"277\" \/>\n\t<meta property=\"og:image:type\" content=\"image\/png\" \/>\n<meta name=\"twitter:card\" content=\"summary_large_image\" \/>\n<meta name=\"twitter:site\" content=\"@UrgentGames\" \/>\n<script type=\"application\/ld+json\" class=\"yoast-schema-graph\">{\"@context\":\"https:\\\/\\\/schema.org\",\"@graph\":[{\"@type\":\"WebPage\",\"@id\":\"https:\\\/\\\/urgentgames.com\\\/contact\\\/\",\"url\":\"https:\\\/\\\/urgentgames.com\\\/contact\\\/\",\"name\":\"Contact - Urgent Games\",\"isPartOf\":{\"@id\":\"https:\\\/\\\/urgentgames.com\\\/ru\\\/#website\"},\"datePublished\":\"2022-07-19T11:56:04+00:00\",\"dateModified\":\"2022-12-13T04:34:47+00:00\",\"description\":\"The Urgent Games contact page is your destination for reaching out to our team with any questions or concerns. Whether you're a potential partner looking for more information about our program, or a member of the press seeking an interview, we're here to help. Contact us today and we'll get back to you as soon as possible.\",\"breadcrumb\":{\"@id\":\"https:\\\/\\\/urgentgames.com\\\/contact\\\/#breadcrumb\"},\"inLanguage\":\"lv-LV\",\"potentialAction\":[{\"@type\":\"ReadAction\",\"target\":[\"https:\\\/\\\/urgentgames.com\\\/contact\\\/\"]}]},{\"@type\":\"BreadcrumbList\",\"@id\":\"https:\\\/\\\/urgentgames.com\\\/contact\\\/#breadcrumb\",\"itemListElement\":[{\"@type\":\"ListItem\",\"position\":1,\"name\":\"Home\",\"item\":\"https:\\\/\\\/urgentgames.com\\\/\"},{\"@type\":\"ListItem\",\"position\":2,\"name\":\"Contact\"}]},{\"@type\":\"WebSite\",\"@id\":\"https:\\\/\\\/urgentgames.com\\\/ru\\\/#website\",\"url\":\"https:\\\/\\\/urgentgames.com\\\/ru\\\/\",\"name\":\"Urgent Games\",\"description\":\"The industry leader in HTML5 Slot &amp; Casino games. API Slot Provider. White Label Casino Provider, Casino Game Provider\",\"publisher\":{\"@id\":\"https:\\\/\\\/urgentgames.com\\\/ru\\\/#organization\"},\"potentialAction\":[{\"@type\":\"SearchAction\",\"target\":{\"@type\":\"EntryPoint\",\"urlTemplate\":\"https:\\\/\\\/urgentgames.com\\\/ru\\\/?s={search_term_string}\"},\"query-input\":{\"@type\":\"PropertyValueSpecification\",\"valueRequired\":true,\"valueName\":\"search_term_string\"}}],\"inLanguage\":\"lv-LV\"},{\"@type\":\"Organization\",\"@id\":\"https:\\\/\\\/urgentgames.com\\\/ru\\\/#organization\",\"name\":\"Urgent Games\",\"url\":\"https:\\\/\\\/urgentgames.com\\\/ru\\\/\",\"logo\":{\"@type\":\"ImageObject\",\"inLanguage\":\"lv-LV\",\"@id\":\"https:\\\/\\\/urgentgames.com\\\/ru\\\/#\\\/schema\\\/logo\\\/image\\\/\",\"url\":\"https:\\\/\\\/urgentgames.com\\\/wp-content\\\/uploads\\\/2021\\\/06\\\/logo.png\",\"contentUrl\":\"https:\\\/\\\/urgentgames.com\\\/wp-content\\\/uploads\\\/2021\\\/06\\\/logo.png\",\"width\":438,\"height\":277,\"caption\":\"Urgent Games\"},\"image\":{\"@id\":\"https:\\\/\\\/urgentgames.com\\\/ru\\\/#\\\/schema\\\/logo\\\/image\\\/\"},\"sameAs\":[\"https:\\\/\\\/www.facebook.com\\\/UrgentGame\\\/\",\"https:\\\/\\\/x.com\\\/UrgentGames\",\"https:\\\/\\\/www.instagram.com\\\/urgentgames\\\/\",\"https:\\\/\\\/www.linkedin.com\\\/company\\\/urgentgames\\\/\",\"https:\\\/\\\/myspace.com\\\/urgent_games\",\"https:\\\/\\\/www.pinterest.com.mx\\\/UrgentGames\\\/\",\"https:\\\/\\\/www.youtube.com\\\/c\\\/UrgentGame\"]}]}<\/script>\n<!-- \/ Yoast SEO plugin. -->","yoast_head_json":{"title":"Kontaktpersona - Urgent Games","description":"Urgent Games kontaktpersonu lapa ir j\u016bsu galam\u0113r\u0137is, lai sazin\u0101tos ar m\u016bsu komandu ar visiem jaut\u0101jumiem vai ba\u017e\u0101m. Neatkar\u012bgi no t\u0101, vai esat potenci\u0101lais partneris, kas mekl\u0113 vair\u0101k inform\u0101cijas par m\u016bsu programmu, vai preses p\u0101rst\u0101vis, kas v\u0113las interviju, m\u0113s esam \u0161eit, lai pal\u012bdz\u0113tu. Sazinieties ar mums jau \u0161odien, un m\u0113s ar jums sazin\u0101simies, cik dr\u012bz vien iesp\u0113jams.","robots":{"index":"index","follow":"follow","max-snippet":"max-snippet:-1","max-image-preview":"max-image-preview:large","max-video-preview":"max-video-preview:-1"},"canonical":"https:\/\/urgentgames.com\/lv\/kontaktpersona\/","og_locale":"lv_LV","og_type":"article","og_title":"Contact - Urgent Games","og_description":"The Urgent Games contact page is your destination for reaching out to our team with any questions or concerns. Whether you're a potential partner looking for more information about our program, or a member of the press seeking an interview, we're here to help. Contact us today and we'll get back to you as soon as possible.","og_url":"https:\/\/urgentgames.com\/lv\/kontaktpersona\/","og_site_name":"Urgent Games","article_publisher":"https:\/\/www.facebook.com\/UrgentGame\/","article_modified_time":"2022-12-13T04:34:47+00:00","og_image":[{"width":438,"height":277,"url":"https:\/\/urgentgames.com\/wp-content\/uploads\/2021\/06\/logo.png","type":"image\/png"}],"twitter_card":"summary_large_image","twitter_site":"@UrgentGames","schema":{"@context":"https:\/\/schema.org","@graph":[{"@type":"WebPage","@id":"https:\/\/urgentgames.com\/contact\/","url":"https:\/\/urgentgames.com\/contact\/","name":"Kontaktpersona - Urgent Games","isPartOf":{"@id":"https:\/\/urgentgames.com\/ru\/#website"},"datePublished":"2022-07-19T11:56:04+00:00","dateModified":"2022-12-13T04:34:47+00:00","description":"Urgent Games kontaktpersonu lapa ir j\u016bsu galam\u0113r\u0137is, lai sazin\u0101tos ar m\u016bsu komandu ar visiem jaut\u0101jumiem vai ba\u017e\u0101m. Neatkar\u012bgi no t\u0101, vai esat potenci\u0101lais partneris, kas mekl\u0113 vair\u0101k inform\u0101cijas par m\u016bsu programmu, vai preses p\u0101rst\u0101vis, kas v\u0113las interviju, m\u0113s esam \u0161eit, lai pal\u012bdz\u0113tu. Sazinieties ar mums jau \u0161odien, un m\u0113s ar jums sazin\u0101simies, cik dr\u012bz vien iesp\u0113jams.","breadcrumb":{"@id":"https:\/\/urgentgames.com\/contact\/#breadcrumb"},"inLanguage":"lv-LV","potentialAction":[{"@type":"ReadAction","target":["https:\/\/urgentgames.com\/contact\/"]}]},{"@type":"BreadcrumbList","@id":"https:\/\/urgentgames.com\/contact\/#breadcrumb","itemListElement":[{"@type":"ListItem","position":1,"name":"Home","item":"https:\/\/urgentgames.com\/"},{"@type":"ListItem","position":2,"name":"Contact"}]},{"@type":"WebSite","@id":"https:\/\/urgentgames.com\/ru\/#website","url":"https:\/\/urgentgames.com\/ru\/","name":"Urgent Games","description":"Nozares l\u012bderis HTML5 sp\u0113\u013cu autom\u0101tu un kazino sp\u0113\u013cu jom\u0101. API laika ni\u0161u nodro\u0161in\u0101t\u0101js. White Label kazino nodro\u0161in\u0101t\u0101js, kazino sp\u0113\u013cu nodro\u0161in\u0101t\u0101js","publisher":{"@id":"https:\/\/urgentgames.com\/ru\/#organization"},"potentialAction":[{"@type":"SearchAction","target":{"@type":"EntryPoint","urlTemplate":"https:\/\/urgentgames.com\/ru\/?s={search_term_string}"},"query-input":{"@type":"PropertyValueSpecification","valueRequired":true,"valueName":"search_term_string"}}],"inLanguage":"lv-LV"},{"@type":"Organization","@id":"https:\/\/urgentgames.com\/ru\/#organization","name":"Urgent Games","url":"https:\/\/urgentgames.com\/ru\/","logo":{"@type":"ImageObject","inLanguage":"lv-LV","@id":"https:\/\/urgentgames.com\/ru\/#\/schema\/logo\/image\/","url":"https:\/\/urgentgames.com\/wp-content\/uploads\/2021\/06\/logo.png","contentUrl":"https:\/\/urgentgames.com\/wp-content\/uploads\/2021\/06\/logo.png","width":438,"height":277,"caption":"Urgent Games"},"image":{"@id":"https:\/\/urgentgames.com\/ru\/#\/schema\/logo\/image\/"},"sameAs":["https:\/\/www.facebook.com\/UrgentGame\/","https:\/\/x.com\/UrgentGames","https:\/\/www.instagram.com\/urgentgames\/","https:\/\/www.linkedin.com\/company\/urgentgames\/","https:\/\/myspace.com\/urgent_games","https:\/\/www.pinterest.com.mx\/UrgentGames\/","https:\/\/www.youtube.com\/c\/UrgentGame"]}]}},"_links":{"self":[{"href":"https:\/\/urgentgames.com\/lv\/wp-json\/wp\/v2\/pages\/764","targetHints":{"allow":["GET"]}}],"collection":[{"href":"https:\/\/urgentgames.com\/lv\/wp-json\/wp\/v2\/pages"}],"about":[{"href":"https:\/\/urgentgames.com\/lv\/wp-json\/wp\/v2\/types\/page"}],"author":[{"embeddable":true,"href":"https:\/\/urgentgames.com\/lv\/wp-json\/wp\/v2\/users\/1"}],"replies":[{"embeddable":true,"href":"https:\/\/urgentgames.com\/lv\/wp-json\/wp\/v2\/comments?post=764"}],"version-history":[{"count":1,"href":"https:\/\/urgentgames.com\/lv\/wp-json\/wp\/v2\/pages\/764\/revisions"}],"predecessor-version":[{"id":1059,"href":"https:\/\/urgentgames.com\/lv\/wp-json\/wp\/v2\/pages\/764\/revisions\/1059"}],"wp:attachment":[{"href":"https:\/\/urgentgames.com\/lv\/wp-json\/wp\/v2\/media?parent=764"}],"curies":[{"name":"wp","href":"https:\/\/api.w.org\/{rel}","templated":true}]}}