{"id":155,"date":"2021-06-25T07:08:59","date_gmt":"2021-06-25T07:08:59","guid":{"rendered":"https:\/\/urgentgames.com\/?page_id=155"},"modified":"2021-09-12T06:21:00","modified_gmt":"2021-09-12T11:21:00","slug":"paldies","status":"publish","type":"page","link":"https:\/\/urgentgames.com\/lv\/paldies\/","title":{"rendered":"Paldies"},"content":{"rendered":"<div class=\"thank-text\">\n<h6>J\u016bsu piepras\u012bjums tika veiksm\u012bgi iesniegts.<\/h6>\n<\/div>","protected":false},"excerpt":{"rendered":"<p>J\u016bsu piepras\u012bjums tika veiksm\u012bgi iesniegts.<\/p>","protected":false},"author":1,"featured_media":0,"parent":0,"menu_order":0,"comment_status":"closed","ping_status":"closed","template":"template-nosidebar.php","meta":{"_acf_changed":false,"inline_featured_image":false,"footnotes":""},"class_list":["post-155","page","type-page","status-publish","hentry"],"acf":[],"yoast_head":"<!-- This site is optimized with the Yoast SEO plugin v27.4 - https:\/\/yoast.com\/product\/yoast-seo-wordpress\/ -->\n<title>Thank You - Urgent Games<\/title>\n<meta name=\"description\" content=\"Thank you for your interest in Urgent Games - Online Casino API Provider - HTML 5 Casino and Slot Games\" \/>\n<meta name=\"robots\" content=\"index, follow, max-snippet:-1, max-image-preview:large, max-video-preview:-1\" \/>\n<link rel=\"canonical\" href=\"https:\/\/urgentgames.com\/lv\/paldies\/\" \/>\n<meta property=\"og:locale\" content=\"lv_LV\" \/>\n<meta property=\"og:type\" content=\"article\" \/>\n<meta property=\"og:title\" content=\"Thank You - Urgent Games\" \/>\n<meta property=\"og:description\" content=\"Thank you for your interest in Urgent Games - Online Casino API Provider - HTML 5 Casino and Slot Games\" \/>\n<meta property=\"og:url\" content=\"https:\/\/urgentgames.com\/lv\/paldies\/\" \/>\n<meta property=\"og:site_name\" content=\"Urgent Games\" \/>\n<meta property=\"article:publisher\" content=\"https:\/\/www.facebook.com\/UrgentGame\/\" \/>\n<meta property=\"article:modified_time\" content=\"2021-09-12T11:21:00+00:00\" \/>\n<meta property=\"og:image\" content=\"https:\/\/urgentgames.com\/wp-content\/uploads\/2021\/06\/logo.png\" \/>\n\t<meta property=\"og:image:width\" content=\"438\" \/>\n\t<meta property=\"og:image:height\" content=\"277\" \/>\n\t<meta property=\"og:image:type\" content=\"image\/png\" \/>\n<meta name=\"twitter:card\" content=\"summary_large_image\" \/>\n<meta name=\"twitter:site\" content=\"@UrgentGames\" \/>\n<script type=\"application\/ld+json\" class=\"yoast-schema-graph\">{\"@context\":\"https:\\\/\\\/schema.org\",\"@graph\":[{\"@type\":\"WebPage\",\"@id\":\"https:\\\/\\\/urgentgames.com\\\/ja\\\/%e3%81%82%e3%82%8a%e3%81%8c%e3%81%a8%e3%81%86%e3%81%94%e3%81%96%e3%81%84%e3%81%be%e3%81%99\\\/\",\"url\":\"https:\\\/\\\/urgentgames.com\\\/ja\\\/%e3%81%82%e3%82%8a%e3%81%8c%e3%81%a8%e3%81%86%e3%81%94%e3%81%96%e3%81%84%e3%81%be%e3%81%99\\\/\",\"name\":\"Thank You - Urgent Games\",\"isPartOf\":{\"@id\":\"https:\\\/\\\/urgentgames.com\\\/ru\\\/#website\"},\"datePublished\":\"2021-06-25T07:08:59+00:00\",\"dateModified\":\"2021-09-12T11:21:00+00:00\",\"description\":\"Thank you for your interest in Urgent Games - Online Casino API Provider - HTML 5 Casino and Slot Games\",\"breadcrumb\":{\"@id\":\"https:\\\/\\\/urgentgames.com\\\/ja\\\/%e3%81%82%e3%82%8a%e3%81%8c%e3%81%a8%e3%81%86%e3%81%94%e3%81%96%e3%81%84%e3%81%be%e3%81%99\\\/#breadcrumb\"},\"inLanguage\":\"lv-LV\",\"potentialAction\":[{\"@type\":\"ReadAction\",\"target\":[\"https:\\\/\\\/urgentgames.com\\\/ja\\\/%e3%81%82%e3%82%8a%e3%81%8c%e3%81%a8%e3%81%86%e3%81%94%e3%81%96%e3%81%84%e3%81%be%e3%81%99\\\/\"]}]},{\"@type\":\"BreadcrumbList\",\"@id\":\"https:\\\/\\\/urgentgames.com\\\/ja\\\/%e3%81%82%e3%82%8a%e3%81%8c%e3%81%a8%e3%81%86%e3%81%94%e3%81%96%e3%81%84%e3%81%be%e3%81%99\\\/#breadcrumb\",\"itemListElement\":[{\"@type\":\"ListItem\",\"position\":1,\"name\":\"Home\",\"item\":\"https:\\\/\\\/urgentgames.com\\\/\"},{\"@type\":\"ListItem\",\"position\":2,\"name\":\"Thank You\"}]},{\"@type\":\"WebSite\",\"@id\":\"https:\\\/\\\/urgentgames.com\\\/ru\\\/#website\",\"url\":\"https:\\\/\\\/urgentgames.com\\\/ru\\\/\",\"name\":\"Urgent Games\",\"description\":\"The industry leader in HTML5 Slot &amp; Casino games. API Slot Provider. White Label Casino Provider, Casino Game Provider\",\"publisher\":{\"@id\":\"https:\\\/\\\/urgentgames.com\\\/ru\\\/#organization\"},\"potentialAction\":[{\"@type\":\"SearchAction\",\"target\":{\"@type\":\"EntryPoint\",\"urlTemplate\":\"https:\\\/\\\/urgentgames.com\\\/ru\\\/?s={search_term_string}\"},\"query-input\":{\"@type\":\"PropertyValueSpecification\",\"valueRequired\":true,\"valueName\":\"search_term_string\"}}],\"inLanguage\":\"lv-LV\"},{\"@type\":\"Organization\",\"@id\":\"https:\\\/\\\/urgentgames.com\\\/ru\\\/#organization\",\"name\":\"Urgent Games\",\"url\":\"https:\\\/\\\/urgentgames.com\\\/ru\\\/\",\"logo\":{\"@type\":\"ImageObject\",\"inLanguage\":\"lv-LV\",\"@id\":\"https:\\\/\\\/urgentgames.com\\\/ru\\\/#\\\/schema\\\/logo\\\/image\\\/\",\"url\":\"https:\\\/\\\/urgentgames.com\\\/wp-content\\\/uploads\\\/2021\\\/06\\\/logo.png\",\"contentUrl\":\"https:\\\/\\\/urgentgames.com\\\/wp-content\\\/uploads\\\/2021\\\/06\\\/logo.png\",\"width\":438,\"height\":277,\"caption\":\"Urgent Games\"},\"image\":{\"@id\":\"https:\\\/\\\/urgentgames.com\\\/ru\\\/#\\\/schema\\\/logo\\\/image\\\/\"},\"sameAs\":[\"https:\\\/\\\/www.facebook.com\\\/UrgentGame\\\/\",\"https:\\\/\\\/x.com\\\/UrgentGames\",\"https:\\\/\\\/www.instagram.com\\\/urgentgames\\\/\",\"https:\\\/\\\/www.linkedin.com\\\/company\\\/urgentgames\\\/\",\"https:\\\/\\\/myspace.com\\\/urgent_games\",\"https:\\\/\\\/www.pinterest.com.mx\\\/UrgentGames\\\/\",\"https:\\\/\\\/www.youtube.com\\\/c\\\/UrgentGame\"]}]}<\/script>\n<!-- \/ Yoast SEO plugin. -->","yoast_head_json":{"title":"Paldies - Urgent Games","description":"Paldies, ka interes\u0113jaties par Urgent Games\u00a0\u2014 tie\u0161saistes kazino API nodro\u0161in\u0101t\u0101js\u00a0\u2014 HTML\u00a05 kazino un sp\u0113\u013cu autom\u0101tu sp\u0113les","robots":{"index":"index","follow":"follow","max-snippet":"max-snippet:-1","max-image-preview":"max-image-preview:large","max-video-preview":"max-video-preview:-1"},"canonical":"https:\/\/urgentgames.com\/lv\/paldies\/","og_locale":"lv_LV","og_type":"article","og_title":"Thank You - Urgent Games","og_description":"Thank you for your interest in Urgent Games - Online Casino API Provider - HTML 5 Casino and Slot Games","og_url":"https:\/\/urgentgames.com\/lv\/paldies\/","og_site_name":"Urgent Games","article_publisher":"https:\/\/www.facebook.com\/UrgentGame\/","article_modified_time":"2021-09-12T11:21:00+00:00","og_image":[{"width":438,"height":277,"url":"https:\/\/urgentgames.com\/wp-content\/uploads\/2021\/06\/logo.png","type":"image\/png"}],"twitter_card":"summary_large_image","twitter_site":"@UrgentGames","schema":{"@context":"https:\/\/schema.org","@graph":[{"@type":"WebPage","@id":"https:\/\/urgentgames.com\/ja\/%e3%81%82%e3%82%8a%e3%81%8c%e3%81%a8%e3%81%86%e3%81%94%e3%81%96%e3%81%84%e3%81%be%e3%81%99\/","url":"https:\/\/urgentgames.com\/ja\/%e3%81%82%e3%82%8a%e3%81%8c%e3%81%a8%e3%81%86%e3%81%94%e3%81%96%e3%81%84%e3%81%be%e3%81%99\/","name":"Paldies - Urgent Games","isPartOf":{"@id":"https:\/\/urgentgames.com\/ru\/#website"},"datePublished":"2021-06-25T07:08:59+00:00","dateModified":"2021-09-12T11:21:00+00:00","description":"Paldies, ka interes\u0113jaties par Urgent Games\u00a0\u2014 tie\u0161saistes kazino API nodro\u0161in\u0101t\u0101js\u00a0\u2014 HTML\u00a05 kazino un sp\u0113\u013cu autom\u0101tu sp\u0113les","breadcrumb":{"@id":"https:\/\/urgentgames.com\/ja\/%e3%81%82%e3%82%8a%e3%81%8c%e3%81%a8%e3%81%86%e3%81%94%e3%81%96%e3%81%84%e3%81%be%e3%81%99\/#breadcrumb"},"inLanguage":"lv-LV","potentialAction":[{"@type":"ReadAction","target":["https:\/\/urgentgames.com\/ja\/%e3%81%82%e3%82%8a%e3%81%8c%e3%81%a8%e3%81%86%e3%81%94%e3%81%96%e3%81%84%e3%81%be%e3%81%99\/"]}]},{"@type":"BreadcrumbList","@id":"https:\/\/urgentgames.com\/ja\/%e3%81%82%e3%82%8a%e3%81%8c%e3%81%a8%e3%81%86%e3%81%94%e3%81%96%e3%81%84%e3%81%be%e3%81%99\/#breadcrumb","itemListElement":[{"@type":"ListItem","position":1,"name":"Home","item":"https:\/\/urgentgames.com\/"},{"@type":"ListItem","position":2,"name":"Thank You"}]},{"@type":"WebSite","@id":"https:\/\/urgentgames.com\/ru\/#website","url":"https:\/\/urgentgames.com\/ru\/","name":"Urgent Games","description":"Nozares l\u012bderis HTML5 sp\u0113\u013cu autom\u0101tu un kazino sp\u0113\u013cu jom\u0101. API laika ni\u0161u nodro\u0161in\u0101t\u0101js. White Label kazino nodro\u0161in\u0101t\u0101js, kazino sp\u0113\u013cu nodro\u0161in\u0101t\u0101js","publisher":{"@id":"https:\/\/urgentgames.com\/ru\/#organization"},"potentialAction":[{"@type":"SearchAction","target":{"@type":"EntryPoint","urlTemplate":"https:\/\/urgentgames.com\/ru\/?s={search_term_string}"},"query-input":{"@type":"PropertyValueSpecification","valueRequired":true,"valueName":"search_term_string"}}],"inLanguage":"lv-LV"},{"@type":"Organization","@id":"https:\/\/urgentgames.com\/ru\/#organization","name":"Urgent Games","url":"https:\/\/urgentgames.com\/ru\/","logo":{"@type":"ImageObject","inLanguage":"lv-LV","@id":"https:\/\/urgentgames.com\/ru\/#\/schema\/logo\/image\/","url":"https:\/\/urgentgames.com\/wp-content\/uploads\/2021\/06\/logo.png","contentUrl":"https:\/\/urgentgames.com\/wp-content\/uploads\/2021\/06\/logo.png","width":438,"height":277,"caption":"Urgent Games"},"image":{"@id":"https:\/\/urgentgames.com\/ru\/#\/schema\/logo\/image\/"},"sameAs":["https:\/\/www.facebook.com\/UrgentGame\/","https:\/\/x.com\/UrgentGames","https:\/\/www.instagram.com\/urgentgames\/","https:\/\/www.linkedin.com\/company\/urgentgames\/","https:\/\/myspace.com\/urgent_games","https:\/\/www.pinterest.com.mx\/UrgentGames\/","https:\/\/www.youtube.com\/c\/UrgentGame"]}]}},"_links":{"self":[{"href":"https:\/\/urgentgames.com\/lv\/wp-json\/wp\/v2\/pages\/155","targetHints":{"allow":["GET"]}}],"collection":[{"href":"https:\/\/urgentgames.com\/lv\/wp-json\/wp\/v2\/pages"}],"about":[{"href":"https:\/\/urgentgames.com\/lv\/wp-json\/wp\/v2\/types\/page"}],"author":[{"embeddable":true,"href":"https:\/\/urgentgames.com\/lv\/wp-json\/wp\/v2\/users\/1"}],"replies":[{"embeddable":true,"href":"https:\/\/urgentgames.com\/lv\/wp-json\/wp\/v2\/comments?post=155"}],"version-history":[{"count":0,"href":"https:\/\/urgentgames.com\/lv\/wp-json\/wp\/v2\/pages\/155\/revisions"}],"wp:attachment":[{"href":"https:\/\/urgentgames.com\/lv\/wp-json\/wp\/v2\/media?parent=155"}],"curies":[{"name":"wp","href":"https:\/\/api.w.org\/{rel}","templated":true}]}}