{"id":422,"date":"2021-08-19T00:59:28","date_gmt":"2021-08-19T05:59:28","guid":{"rendered":"https:\/\/urgentgames.com\/?page_id=422"},"modified":"2021-09-12T06:19:52","modified_gmt":"2021-09-12T11:19:52","slug":"carriere","status":"publish","type":"page","link":"https:\/\/urgentgames.com\/it_it\/carriere\/","title":{"rendered":"Carriere"},"content":{"rendered":"","protected":false},"excerpt":{"rendered":"","protected":false},"author":1,"featured_media":0,"parent":0,"menu_order":0,"comment_status":"closed","ping_status":"closed","template":"template-career.php","meta":{"_acf_changed":false,"inline_featured_image":false,"footnotes":""},"class_list":["post-422","page","type-page","status-publish","hentry"],"acf":[],"yoast_head":"<!-- This site is optimized with the Yoast SEO plugin v27.3 - https:\/\/yoast.com\/product\/yoast-seo-wordpress\/ -->\n<title>Careers - Urgent Games<\/title>\n<meta name=\"description\" content=\"Come work at the worlds fastest growing casino provider. Enjoy benefits such as paid time off, profit sharing, ownership potential and more!\" \/>\n<meta name=\"robots\" content=\"index, follow, max-snippet:-1, max-image-preview:large, max-video-preview:-1\" \/>\n<link rel=\"canonical\" href=\"https:\/\/urgentgames.com\/it_it\/carriere\/\" \/>\n<meta property=\"og:locale\" content=\"it_IT\" \/>\n<meta property=\"og:type\" content=\"article\" \/>\n<meta property=\"og:title\" content=\"Careers - Urgent Games\" \/>\n<meta property=\"og:description\" content=\"Come work at the worlds fastest growing casino provider. Enjoy benefits such as paid time off, profit sharing, ownership potential and more!\" \/>\n<meta property=\"og:url\" content=\"https:\/\/urgentgames.com\/it_it\/carriere\/\" \/>\n<meta property=\"og:site_name\" content=\"Urgent Games\" \/>\n<meta property=\"article:publisher\" content=\"https:\/\/www.facebook.com\/UrgentGame\/\" \/>\n<meta property=\"article:modified_time\" content=\"2021-09-12T11:19:52+00:00\" \/>\n<meta property=\"og:image\" content=\"https:\/\/urgentgames.com\/wp-content\/uploads\/2021\/06\/logo.png\" \/>\n\t<meta property=\"og:image:width\" content=\"438\" \/>\n\t<meta property=\"og:image:height\" content=\"277\" \/>\n\t<meta property=\"og:image:type\" content=\"image\/png\" \/>\n<meta name=\"twitter:card\" content=\"summary_large_image\" \/>\n<meta name=\"twitter:site\" content=\"@UrgentGames\" \/>\n<script type=\"application\/ld+json\" class=\"yoast-schema-graph\">{\"@context\":\"https:\\\/\\\/schema.org\",\"@graph\":[{\"@type\":\"WebPage\",\"@id\":\"https:\\\/\\\/urgentgames.com\\\/pt\\\/carreiras\\\/\",\"url\":\"https:\\\/\\\/urgentgames.com\\\/pt\\\/carreiras\\\/\",\"name\":\"Careers - Urgent Games\",\"isPartOf\":{\"@id\":\"https:\\\/\\\/urgentgames.com\\\/ru\\\/#website\"},\"datePublished\":\"2021-08-19T05:59:28+00:00\",\"dateModified\":\"2021-09-12T11:19:52+00:00\",\"description\":\"Come work at the worlds fastest growing casino provider. Enjoy benefits such as paid time off, profit sharing, ownership potential and more!\",\"breadcrumb\":{\"@id\":\"https:\\\/\\\/urgentgames.com\\\/pt\\\/carreiras\\\/#breadcrumb\"},\"inLanguage\":\"it-IT\",\"potentialAction\":[{\"@type\":\"ReadAction\",\"target\":[\"https:\\\/\\\/urgentgames.com\\\/pt\\\/carreiras\\\/\"]}]},{\"@type\":\"BreadcrumbList\",\"@id\":\"https:\\\/\\\/urgentgames.com\\\/pt\\\/carreiras\\\/#breadcrumb\",\"itemListElement\":[{\"@type\":\"ListItem\",\"position\":1,\"name\":\"Home\",\"item\":\"https:\\\/\\\/urgentgames.com\\\/\"},{\"@type\":\"ListItem\",\"position\":2,\"name\":\"Careers\"}]},{\"@type\":\"WebSite\",\"@id\":\"https:\\\/\\\/urgentgames.com\\\/ru\\\/#website\",\"url\":\"https:\\\/\\\/urgentgames.com\\\/ru\\\/\",\"name\":\"Urgent Games\",\"description\":\"The industry leader in HTML5 Slot &amp; Casino games. API Slot Provider. White Label Casino Provider, Casino Game Provider\",\"publisher\":{\"@id\":\"https:\\\/\\\/urgentgames.com\\\/ru\\\/#organization\"},\"potentialAction\":[{\"@type\":\"SearchAction\",\"target\":{\"@type\":\"EntryPoint\",\"urlTemplate\":\"https:\\\/\\\/urgentgames.com\\\/ru\\\/?s={search_term_string}\"},\"query-input\":{\"@type\":\"PropertyValueSpecification\",\"valueRequired\":true,\"valueName\":\"search_term_string\"}}],\"inLanguage\":\"it-IT\"},{\"@type\":\"Organization\",\"@id\":\"https:\\\/\\\/urgentgames.com\\\/ru\\\/#organization\",\"name\":\"Urgent Games\",\"url\":\"https:\\\/\\\/urgentgames.com\\\/ru\\\/\",\"logo\":{\"@type\":\"ImageObject\",\"inLanguage\":\"it-IT\",\"@id\":\"https:\\\/\\\/urgentgames.com\\\/ru\\\/#\\\/schema\\\/logo\\\/image\\\/\",\"url\":\"https:\\\/\\\/urgentgames.com\\\/wp-content\\\/uploads\\\/2021\\\/06\\\/logo.png\",\"contentUrl\":\"https:\\\/\\\/urgentgames.com\\\/wp-content\\\/uploads\\\/2021\\\/06\\\/logo.png\",\"width\":438,\"height\":277,\"caption\":\"Urgent Games\"},\"image\":{\"@id\":\"https:\\\/\\\/urgentgames.com\\\/ru\\\/#\\\/schema\\\/logo\\\/image\\\/\"},\"sameAs\":[\"https:\\\/\\\/www.facebook.com\\\/UrgentGame\\\/\",\"https:\\\/\\\/x.com\\\/UrgentGames\",\"https:\\\/\\\/www.instagram.com\\\/urgentgames\\\/\",\"https:\\\/\\\/www.linkedin.com\\\/company\\\/urgentgames\\\/\",\"https:\\\/\\\/myspace.com\\\/urgent_games\",\"https:\\\/\\\/www.pinterest.com.mx\\\/UrgentGames\\\/\",\"https:\\\/\\\/www.youtube.com\\\/c\\\/UrgentGame\"]}]}<\/script>\n<!-- \/ Yoast SEO plugin. -->","yoast_head_json":{"title":"Carriere - Urgent Games","description":"Vieni a lavorare presso il fornitore di casin\u00f2 in pi\u00f9 rapida crescita al mondo. Goditi vantaggi come permessi retribuiti, partecipazione agli utili, potenziale di propriet\u00e0 e altro ancora!","robots":{"index":"index","follow":"follow","max-snippet":"max-snippet:-1","max-image-preview":"max-image-preview:large","max-video-preview":"max-video-preview:-1"},"canonical":"https:\/\/urgentgames.com\/it_it\/carriere\/","og_locale":"it_IT","og_type":"article","og_title":"Careers - Urgent Games","og_description":"Come work at the worlds fastest growing casino provider. Enjoy benefits such as paid time off, profit sharing, ownership potential and more!","og_url":"https:\/\/urgentgames.com\/it_it\/carriere\/","og_site_name":"Urgent Games","article_publisher":"https:\/\/www.facebook.com\/UrgentGame\/","article_modified_time":"2021-09-12T11:19:52+00:00","og_image":[{"width":438,"height":277,"url":"https:\/\/urgentgames.com\/wp-content\/uploads\/2021\/06\/logo.png","type":"image\/png"}],"twitter_card":"summary_large_image","twitter_site":"@UrgentGames","schema":{"@context":"https:\/\/schema.org","@graph":[{"@type":"WebPage","@id":"https:\/\/urgentgames.com\/pt\/carreiras\/","url":"https:\/\/urgentgames.com\/pt\/carreiras\/","name":"Carriere - Urgent Games","isPartOf":{"@id":"https:\/\/urgentgames.com\/ru\/#website"},"datePublished":"2021-08-19T05:59:28+00:00","dateModified":"2021-09-12T11:19:52+00:00","description":"Vieni a lavorare presso il fornitore di casin\u00f2 in pi\u00f9 rapida crescita al mondo. Goditi vantaggi come permessi retribuiti, partecipazione agli utili, potenziale di propriet\u00e0 e altro ancora!","breadcrumb":{"@id":"https:\/\/urgentgames.com\/pt\/carreiras\/#breadcrumb"},"inLanguage":"it-IT","potentialAction":[{"@type":"ReadAction","target":["https:\/\/urgentgames.com\/pt\/carreiras\/"]}]},{"@type":"BreadcrumbList","@id":"https:\/\/urgentgames.com\/pt\/carreiras\/#breadcrumb","itemListElement":[{"@type":"ListItem","position":1,"name":"Home","item":"https:\/\/urgentgames.com\/"},{"@type":"ListItem","position":2,"name":"Careers"}]},{"@type":"WebSite","@id":"https:\/\/urgentgames.com\/ru\/#website","url":"https:\/\/urgentgames.com\/ru\/","name":"Urgent Games","description":"Il leader del settore nei giochi di slot e casin\u00f2 HTML5. Fornitore di slot API. Fornitore di casin\u00f2 white label, fornitore di giochi da casin\u00f2","publisher":{"@id":"https:\/\/urgentgames.com\/ru\/#organization"},"potentialAction":[{"@type":"SearchAction","target":{"@type":"EntryPoint","urlTemplate":"https:\/\/urgentgames.com\/ru\/?s={search_term_string}"},"query-input":{"@type":"PropertyValueSpecification","valueRequired":true,"valueName":"search_term_string"}}],"inLanguage":"it-IT"},{"@type":"Organization","@id":"https:\/\/urgentgames.com\/ru\/#organization","name":"Urgent Games","url":"https:\/\/urgentgames.com\/ru\/","logo":{"@type":"ImageObject","inLanguage":"it-IT","@id":"https:\/\/urgentgames.com\/ru\/#\/schema\/logo\/image\/","url":"https:\/\/urgentgames.com\/wp-content\/uploads\/2021\/06\/logo.png","contentUrl":"https:\/\/urgentgames.com\/wp-content\/uploads\/2021\/06\/logo.png","width":438,"height":277,"caption":"Urgent Games"},"image":{"@id":"https:\/\/urgentgames.com\/ru\/#\/schema\/logo\/image\/"},"sameAs":["https:\/\/www.facebook.com\/UrgentGame\/","https:\/\/x.com\/UrgentGames","https:\/\/www.instagram.com\/urgentgames\/","https:\/\/www.linkedin.com\/company\/urgentgames\/","https:\/\/myspace.com\/urgent_games","https:\/\/www.pinterest.com.mx\/UrgentGames\/","https:\/\/www.youtube.com\/c\/UrgentGame"]}]}},"_links":{"self":[{"href":"https:\/\/urgentgames.com\/it_it\/wp-json\/wp\/v2\/pages\/422","targetHints":{"allow":["GET"]}}],"collection":[{"href":"https:\/\/urgentgames.com\/it_it\/wp-json\/wp\/v2\/pages"}],"about":[{"href":"https:\/\/urgentgames.com\/it_it\/wp-json\/wp\/v2\/types\/page"}],"author":[{"embeddable":true,"href":"https:\/\/urgentgames.com\/it_it\/wp-json\/wp\/v2\/users\/1"}],"replies":[{"embeddable":true,"href":"https:\/\/urgentgames.com\/it_it\/wp-json\/wp\/v2\/comments?post=422"}],"version-history":[{"count":0,"href":"https:\/\/urgentgames.com\/it_it\/wp-json\/wp\/v2\/pages\/422\/revisions"}],"wp:attachment":[{"href":"https:\/\/urgentgames.com\/it_it\/wp-json\/wp\/v2\/media?parent=422"}],"curies":[{"name":"wp","href":"https:\/\/api.w.org\/{rel}","templated":true}]}}