{"id":1107,"date":"2023-02-21T00:55:37","date_gmt":"2023-02-21T05:55:37","guid":{"rendered":"https:\/\/urgentgames.com\/?page_id=1107"},"modified":"2023-10-09T12:42:57","modified_gmt":"2023-10-09T17:42:57","slug":"platforma-online-kasina","status":"publish","type":"page","link":"https:\/\/urgentgames.com\/cs_cz\/platforma-online-kasina\/","title":{"rendered":"Platforma online kasina"},"content":{"rendered":"","protected":false},"excerpt":{"rendered":"","protected":false},"author":1,"featured_media":0,"parent":0,"menu_order":0,"comment_status":"closed","ping_status":"closed","template":"template-online-casino-platform.php","meta":{"_acf_changed":false,"inline_featured_image":false,"footnotes":""},"class_list":["post-1107","page","type-page","status-publish","hentry"],"acf":[],"yoast_head":"<!-- This site is optimized with the Yoast SEO plugin v27.3 - https:\/\/yoast.com\/product\/yoast-seo-wordpress\/ -->\n<title>Your Premier Online Casino Platform | Urgent Games<\/title>\n<meta name=\"description\" content=\"Experience the future of online gaming with Urgent Games&#039; cutting-edge online casino platform. Enjoy a seamless and thrilling casino experience with a wide range of games and features.\" \/>\n<meta name=\"robots\" content=\"index, follow, max-snippet:-1, max-image-preview:large, max-video-preview:-1\" \/>\n<link rel=\"canonical\" href=\"https:\/\/urgentgames.com\/cs_cz\/platforma-online-kasina\/\" \/>\n<meta property=\"og:locale\" content=\"cs_CZ\" \/>\n<meta property=\"og:type\" content=\"article\" \/>\n<meta property=\"og:title\" content=\"Your Premier Online Casino Platform | Urgent Games\" \/>\n<meta property=\"og:description\" content=\"Experience the future of online gaming with Urgent Games&#039; cutting-edge online casino platform. Enjoy a seamless and thrilling casino experience with a wide range of games and features.\" \/>\n<meta property=\"og:url\" content=\"https:\/\/urgentgames.com\/cs_cz\/platforma-online-kasina\/\" \/>\n<meta property=\"og:site_name\" content=\"Urgent Games\" \/>\n<meta property=\"article:publisher\" content=\"https:\/\/www.facebook.com\/UrgentGame\/\" \/>\n<meta property=\"article:modified_time\" content=\"2023-10-09T17:42:57+00:00\" \/>\n<meta property=\"og:image\" content=\"https:\/\/urgentgames.com\/wp-content\/uploads\/2021\/06\/logo.png\" \/>\n\t<meta property=\"og:image:width\" content=\"438\" \/>\n\t<meta property=\"og:image:height\" content=\"277\" \/>\n\t<meta property=\"og:image:type\" content=\"image\/png\" \/>\n<meta name=\"twitter:card\" content=\"summary_large_image\" \/>\n<meta name=\"twitter:site\" content=\"@UrgentGames\" \/>\n<script type=\"application\/ld+json\" class=\"yoast-schema-graph\">{\"@context\":\"https:\\\/\\\/schema.org\",\"@graph\":[{\"@type\":\"WebPage\",\"@id\":\"https:\\\/\\\/urgentgames.com\\\/online-casino-platform\\\/\",\"url\":\"https:\\\/\\\/urgentgames.com\\\/online-casino-platform\\\/\",\"name\":\"Your Premier Online Casino Platform | Urgent Games\",\"isPartOf\":{\"@id\":\"https:\\\/\\\/urgentgames.com\\\/ru\\\/#website\"},\"datePublished\":\"2023-02-21T05:55:37+00:00\",\"dateModified\":\"2023-10-09T17:42:57+00:00\",\"description\":\"Experience the future of online gaming with Urgent Games' cutting-edge online casino platform. Enjoy a seamless and thrilling casino experience with a wide range of games and features.\",\"breadcrumb\":{\"@id\":\"https:\\\/\\\/urgentgames.com\\\/online-casino-platform\\\/#breadcrumb\"},\"inLanguage\":\"cs\",\"potentialAction\":[{\"@type\":\"ReadAction\",\"target\":[\"https:\\\/\\\/urgentgames.com\\\/online-casino-platform\\\/\"]}]},{\"@type\":\"BreadcrumbList\",\"@id\":\"https:\\\/\\\/urgentgames.com\\\/online-casino-platform\\\/#breadcrumb\",\"itemListElement\":[{\"@type\":\"ListItem\",\"position\":1,\"name\":\"Home\",\"item\":\"https:\\\/\\\/urgentgames.com\\\/\"},{\"@type\":\"ListItem\",\"position\":2,\"name\":\"Online Casino Platform\"}]},{\"@type\":\"WebSite\",\"@id\":\"https:\\\/\\\/urgentgames.com\\\/ru\\\/#website\",\"url\":\"https:\\\/\\\/urgentgames.com\\\/ru\\\/\",\"name\":\"Urgent Games\",\"description\":\"The industry leader in HTML5 Slot &amp; Casino games. API Slot Provider. White Label Casino Provider, Casino Game Provider\",\"publisher\":{\"@id\":\"https:\\\/\\\/urgentgames.com\\\/ru\\\/#organization\"},\"potentialAction\":[{\"@type\":\"SearchAction\",\"target\":{\"@type\":\"EntryPoint\",\"urlTemplate\":\"https:\\\/\\\/urgentgames.com\\\/ru\\\/?s={search_term_string}\"},\"query-input\":{\"@type\":\"PropertyValueSpecification\",\"valueRequired\":true,\"valueName\":\"search_term_string\"}}],\"inLanguage\":\"cs\"},{\"@type\":\"Organization\",\"@id\":\"https:\\\/\\\/urgentgames.com\\\/ru\\\/#organization\",\"name\":\"Urgent Games\",\"url\":\"https:\\\/\\\/urgentgames.com\\\/ru\\\/\",\"logo\":{\"@type\":\"ImageObject\",\"inLanguage\":\"cs\",\"@id\":\"https:\\\/\\\/urgentgames.com\\\/ru\\\/#\\\/schema\\\/logo\\\/image\\\/\",\"url\":\"https:\\\/\\\/urgentgames.com\\\/wp-content\\\/uploads\\\/2021\\\/06\\\/logo.png\",\"contentUrl\":\"https:\\\/\\\/urgentgames.com\\\/wp-content\\\/uploads\\\/2021\\\/06\\\/logo.png\",\"width\":438,\"height\":277,\"caption\":\"Urgent Games\"},\"image\":{\"@id\":\"https:\\\/\\\/urgentgames.com\\\/ru\\\/#\\\/schema\\\/logo\\\/image\\\/\"},\"sameAs\":[\"https:\\\/\\\/www.facebook.com\\\/UrgentGame\\\/\",\"https:\\\/\\\/x.com\\\/UrgentGames\",\"https:\\\/\\\/www.instagram.com\\\/urgentgames\\\/\",\"https:\\\/\\\/www.linkedin.com\\\/company\\\/urgentgames\\\/\",\"https:\\\/\\\/myspace.com\\\/urgent_games\",\"https:\\\/\\\/www.pinterest.com.mx\\\/UrgentGames\\\/\",\"https:\\\/\\\/www.youtube.com\\\/c\\\/UrgentGame\"]}]}<\/script>\n<!-- \/ Yoast SEO plugin. -->","yoast_head_json":{"title":"Va\u0161e platforma Premier Online Casino | Urgent Games","description":"Za\u017eijte budoucnost online hran\u00ed d\u00edky \u0161pi\u010dkov\u00e9 platform\u011b online kasin Urgent Games&#039;. U\u017eijte si bezprobl\u00e9mov\u00fd a vzru\u0161uj\u00edc\u00ed z\u00e1\u017eitek z kasina se \u0161irokou \u0161k\u00e1lou her a funkc\u00ed.","robots":{"index":"index","follow":"follow","max-snippet":"max-snippet:-1","max-image-preview":"max-image-preview:large","max-video-preview":"max-video-preview:-1"},"canonical":"https:\/\/urgentgames.com\/cs_cz\/platforma-online-kasina\/","og_locale":"cs_CZ","og_type":"article","og_title":"Your Premier Online Casino Platform | Urgent Games","og_description":"Experience the future of online gaming with Urgent Games' cutting-edge online casino platform. Enjoy a seamless and thrilling casino experience with a wide range of games and features.","og_url":"https:\/\/urgentgames.com\/cs_cz\/platforma-online-kasina\/","og_site_name":"Urgent Games","article_publisher":"https:\/\/www.facebook.com\/UrgentGame\/","article_modified_time":"2023-10-09T17:42:57+00:00","og_image":[{"width":438,"height":277,"url":"https:\/\/urgentgames.com\/wp-content\/uploads\/2021\/06\/logo.png","type":"image\/png"}],"twitter_card":"summary_large_image","twitter_site":"@UrgentGames","schema":{"@context":"https:\/\/schema.org","@graph":[{"@type":"WebPage","@id":"https:\/\/urgentgames.com\/online-casino-platform\/","url":"https:\/\/urgentgames.com\/online-casino-platform\/","name":"Va\u0161e platforma Premier Online Casino | Urgent Games","isPartOf":{"@id":"https:\/\/urgentgames.com\/ru\/#website"},"datePublished":"2023-02-21T05:55:37+00:00","dateModified":"2023-10-09T17:42:57+00:00","description":"Za\u017eijte budoucnost online hran\u00ed d\u00edky \u0161pi\u010dkov\u00e9 platform\u011b online kasin Urgent Games&#039;. U\u017eijte si bezprobl\u00e9mov\u00fd a vzru\u0161uj\u00edc\u00ed z\u00e1\u017eitek z kasina se \u0161irokou \u0161k\u00e1lou her a funkc\u00ed.","breadcrumb":{"@id":"https:\/\/urgentgames.com\/online-casino-platform\/#breadcrumb"},"inLanguage":"cs","potentialAction":[{"@type":"ReadAction","target":["https:\/\/urgentgames.com\/online-casino-platform\/"]}]},{"@type":"BreadcrumbList","@id":"https:\/\/urgentgames.com\/online-casino-platform\/#breadcrumb","itemListElement":[{"@type":"ListItem","position":1,"name":"Home","item":"https:\/\/urgentgames.com\/"},{"@type":"ListItem","position":2,"name":"Online Casino Platform"}]},{"@type":"WebSite","@id":"https:\/\/urgentgames.com\/ru\/#website","url":"https:\/\/urgentgames.com\/ru\/","name":"Urgent Games","description":"Jedni\u010dka v oboru HTML5 automat\u016f a kasinov\u00fdch her. Poskytovatel slot\u016f API. Poskytovatel kasina White Label, poskytovatel kasinov\u00fdch her","publisher":{"@id":"https:\/\/urgentgames.com\/ru\/#organization"},"potentialAction":[{"@type":"SearchAction","target":{"@type":"EntryPoint","urlTemplate":"https:\/\/urgentgames.com\/ru\/?s={search_term_string}"},"query-input":{"@type":"PropertyValueSpecification","valueRequired":true,"valueName":"search_term_string"}}],"inLanguage":"cs"},{"@type":"Organization","@id":"https:\/\/urgentgames.com\/ru\/#organization","name":"Urgent Games","url":"https:\/\/urgentgames.com\/ru\/","logo":{"@type":"ImageObject","inLanguage":"cs","@id":"https:\/\/urgentgames.com\/ru\/#\/schema\/logo\/image\/","url":"https:\/\/urgentgames.com\/wp-content\/uploads\/2021\/06\/logo.png","contentUrl":"https:\/\/urgentgames.com\/wp-content\/uploads\/2021\/06\/logo.png","width":438,"height":277,"caption":"Urgent Games"},"image":{"@id":"https:\/\/urgentgames.com\/ru\/#\/schema\/logo\/image\/"},"sameAs":["https:\/\/www.facebook.com\/UrgentGame\/","https:\/\/x.com\/UrgentGames","https:\/\/www.instagram.com\/urgentgames\/","https:\/\/www.linkedin.com\/company\/urgentgames\/","https:\/\/myspace.com\/urgent_games","https:\/\/www.pinterest.com.mx\/UrgentGames\/","https:\/\/www.youtube.com\/c\/UrgentGame"]}]}},"_links":{"self":[{"href":"https:\/\/urgentgames.com\/cs_cz\/wp-json\/wp\/v2\/pages\/1107","targetHints":{"allow":["GET"]}}],"collection":[{"href":"https:\/\/urgentgames.com\/cs_cz\/wp-json\/wp\/v2\/pages"}],"about":[{"href":"https:\/\/urgentgames.com\/cs_cz\/wp-json\/wp\/v2\/types\/page"}],"author":[{"embeddable":true,"href":"https:\/\/urgentgames.com\/cs_cz\/wp-json\/wp\/v2\/users\/1"}],"replies":[{"embeddable":true,"href":"https:\/\/urgentgames.com\/cs_cz\/wp-json\/wp\/v2\/comments?post=1107"}],"version-history":[{"count":1,"href":"https:\/\/urgentgames.com\/cs_cz\/wp-json\/wp\/v2\/pages\/1107\/revisions"}],"predecessor-version":[{"id":1279,"href":"https:\/\/urgentgames.com\/cs_cz\/wp-json\/wp\/v2\/pages\/1107\/revisions\/1279"}],"wp:attachment":[{"href":"https:\/\/urgentgames.com\/cs_cz\/wp-json\/wp\/v2\/media?parent=1107"}],"curies":[{"name":"wp","href":"https:\/\/api.w.org\/{rel}","templated":true}]}}